{"id":362,"date":"2014-06-25T13:32:10","date_gmt":"2014-06-25T10:32:10","guid":{"rendered":"http:\/\/www.rsc.org.tr\/indextr\/?page_id=362"},"modified":"2015-02-20T10:28:57","modified_gmt":"2015-02-20T08:28:57","slug":"katolog","status":"publish","type":"page","link":"http:\/\/www.rsc.org.tr\/indextr\/index.php\/katolog\/","title":{"rendered":"SUNUMLAR"},"content":{"rendered":"<p>Eski\u015fehir Rayl\u0131 Sistemler K\u00fcmelenmesi tan\u0131t\u0131m bro\u015f\u00fcr\u00fc i\u00e7in\u00a0<strong><a href=\"http:\/\/www.rsc.org.tr\/indextr\/wp-content\/uploads\/RSC-TANITIM-BROSURU-R2014.pdf\">t\u0131klay\u0131n\u0131z.<\/a><\/strong><\/p>\n<p>Eski\u015fehir Rayl\u0131 Sistemler K\u00fcmelenmesi Innotrans Berlin 2012 Katalo\u011fu i\u00e7in <strong><a href=\"http:\/\/www.rsc.org.tr\/indextr\/wp-content\/uploads\/InnoTrans-Katalog.pdf\">t\u0131klay\u0131n\u0131z.<\/a><\/strong><\/p>\n<p>M\u00dcSTAK\u0130L SANAY\u0130C\u0130 VE \u0130\u015e ADAMLARI DERNE\u011e\u0130 ESK\u0130\u015eEH\u0130R \u015eUBES\u0130 taraf\u0131ndan haz\u0131rlanan RAYLI S\u0130STEMLER YAN SANAY\u0130 \u0130\u00c7\u0130N YETENEK MATR\u0130S\u0130 ARA\u015eTIRMASI PROJES\u0130 ARA\u015eTIRMA RAPORU&#8217;nu g\u00f6r\u00fcnt\u00fclemek i\u00e7in\u00a0<strong><a href=\"http:\/\/www.rsc.org.tr\/indextr\/wp-content\/uploads\/MUS\u0130AD-BEBKA.pdf\">t\u0131klay\u0131n\u0131z.<\/a><\/strong><\/p>\n","protected":false},"excerpt":{"rendered":"<p>Eski\u015fehir Rayl\u0131 Sistemler K\u00fcmelenmesi tan\u0131t\u0131m bro\u015f\u00fcr\u00fc i\u00e7in\u00a0t\u0131klay\u0131n\u0131z. Eski\u015fehir Rayl\u0131 Sistemler K\u00fcmelenmesi Innotrans Berlin 2012 Katalo\u011fu i\u00e7in t\u0131klay\u0131n\u0131z. M\u00dcSTAK\u0130L SANAY\u0130C\u0130 VE \u0130\u015e ADAMLARI DERNE\u011e\u0130 ESK\u0130\u015eEH\u0130R \u015eUBES\u0130 taraf\u0131ndan haz\u0131rlanan RAYLI S\u0130STEMLER YAN SANAY\u0130 \u0130\u00c7\u0130N YETENEK MATR\u0130S\u0130 ARA\u015eTIRMASI PROJES\u0130 ARA\u015eTIRMA RAPORU&#8217;nu g\u00f6r\u00fcnt\u00fclemek i\u00e7in\u00a0t\u0131klay\u0131n\u0131z.<\/p>\n","protected":false},"author":1,"featured_media":0,"parent":0,"menu_order":0,"comment_status":"closed","ping_status":"closed","template":"page-full-width.php","meta":{"footnotes":""},"class_list":["post-362","page","type-page","status-publish","hentry"],"_links":{"self":[{"href":"http:\/\/www.rsc.org.tr\/indextr\/index.php\/wp-json\/wp\/v2\/pages\/362","targetHints":{"allow":["GET"]}}],"collection":[{"href":"http:\/\/www.rsc.org.tr\/indextr\/index.php\/wp-json\/wp\/v2\/pages"}],"about":[{"href":"http:\/\/www.rsc.org.tr\/indextr\/index.php\/wp-json\/wp\/v2\/types\/page"}],"author":[{"embeddable":true,"href":"http:\/\/www.rsc.org.tr\/indextr\/index.php\/wp-json\/wp\/v2\/users\/1"}],"replies":[{"embeddable":true,"href":"http:\/\/www.rsc.org.tr\/indextr\/index.php\/wp-json\/wp\/v2\/comments?post=362"}],"version-history":[{"count":17,"href":"http:\/\/www.rsc.org.tr\/indextr\/index.php\/wp-json\/wp\/v2\/pages\/362\/revisions"}],"predecessor-version":[{"id":880,"href":"http:\/\/www.rsc.org.tr\/indextr\/index.php\/wp-json\/wp\/v2\/pages\/362\/revisions\/880"}],"wp:attachment":[{"href":"http:\/\/www.rsc.org.tr\/indextr\/index.php\/wp-json\/wp\/v2\/media?parent=362"}],"curies":[{"name":"wp","href":"https:\/\/api.w.org\/{rel}","templated":true}]}}