{"id":300,"date":"2014-06-25T12:09:24","date_gmt":"2014-06-25T09:09:24","guid":{"rendered":"http:\/\/www.rsc.org.tr\/indextr\/?page_id=300"},"modified":"2015-02-06T10:24:09","modified_gmt":"2015-02-06T08:24:09","slug":"iletisim","status":"publish","type":"page","link":"http:\/\/www.rsc.org.tr\/indextr\/index.php\/iletisim\/","title":{"rendered":"\u0130LET\u0130\u015e\u0130M"},"content":{"rendered":"<p><iframe loading=\"lazy\" style=\"border: 0px currentColor;\" src=\"https:\/\/www.google.com\/maps\/embed?pb=!1m12!1m8!1m3!1d5376.01787948303!2d30.641124432880616!3d39.752103396732075!3m2!1i1024!2i768!4f13.1!2m1!1zT3NiIMSwxZ8gVmUgVGljYXJldCBNZXJrZXppIE5vOjE4IE9kdW5wYXphcsSxLCBFc2tpxZ9laGlyLCBUw7xya2l5ZQ!5e1!3m2!1str!2s!4v1403851347954\" width=\"1100\" height=\"450\" frameborder=\"0\"><\/iframe><\/p>\n<p><strong>RSC \/ Rayl\u0131 Sistemler K\u00fcmelenmesi Derne\u011fi<\/strong><\/p>\n<p><span style=\"color: #ffffff;\">\u00a0<\/span><\/p>\n<table style=\"height: 209px;\" width=\"571\">\n<tbody>\n<tr>\n<td width=\"71\">Adres<\/td>\n<td width=\"532\">: Organize Sanayi B\u00f6lgesi Teknoloji Bulvar\u0131 \u0130\u015f ve Ticaret Merkezi No:16\/A 26110 Eski\u015fehir<\/td>\n<\/tr>\n<tr>\n<td>\u00a0Telefon<\/td>\n<td>: +90 (222) 236 03 34<\/td>\n<\/tr>\n<tr>\n<td>\u00a0Faks:<\/td>\n<td>\u00a0 +90 (222) 236 03 37<\/td>\n<\/tr>\n<tr>\n<td>\u00a0E-posta<\/td>\n<td>\u00a0 info@rsc.org.tr<\/td>\n<\/tr>\n<tr>\n<td><\/td>\n<td><\/td>\n<\/tr>\n<\/tbody>\n<\/table>\n<p>&nbsp;<\/p>\n<p><span style=\"color: #ffffff;\">\u00a0<\/span><\/p>\n","protected":false},"excerpt":{"rendered":"<p>RSC \/ Rayl\u0131 Sistemler K\u00fcmelenmesi Derne\u011fi \u00a0 Adres : Organize Sanayi B\u00f6lgesi Teknoloji Bulvar\u0131 \u0130\u015f ve Ticaret Merkezi No:16\/A 26110 Eski\u015fehir \u00a0Telefon : +90 (222) 236 03 34 \u00a0Faks: \u00a0 +90 (222) 236 03 37 \u00a0E-posta \u00a0 info@rsc.org.tr &nbsp; \u00a0<\/p>\n","protected":false},"author":1,"featured_media":0,"parent":0,"menu_order":0,"comment_status":"closed","ping_status":"closed","template":"page-full-width.php","meta":{"footnotes":""},"class_list":["post-300","page","type-page","status-publish","hentry"],"_links":{"self":[{"href":"http:\/\/www.rsc.org.tr\/indextr\/index.php\/wp-json\/wp\/v2\/pages\/300","targetHints":{"allow":["GET"]}}],"collection":[{"href":"http:\/\/www.rsc.org.tr\/indextr\/index.php\/wp-json\/wp\/v2\/pages"}],"about":[{"href":"http:\/\/www.rsc.org.tr\/indextr\/index.php\/wp-json\/wp\/v2\/types\/page"}],"author":[{"embeddable":true,"href":"http:\/\/www.rsc.org.tr\/indextr\/index.php\/wp-json\/wp\/v2\/users\/1"}],"replies":[{"embeddable":true,"href":"http:\/\/www.rsc.org.tr\/indextr\/index.php\/wp-json\/wp\/v2\/comments?post=300"}],"version-history":[{"count":24,"href":"http:\/\/www.rsc.org.tr\/indextr\/index.php\/wp-json\/wp\/v2\/pages\/300\/revisions"}],"predecessor-version":[{"id":830,"href":"http:\/\/www.rsc.org.tr\/indextr\/index.php\/wp-json\/wp\/v2\/pages\/300\/revisions\/830"}],"wp:attachment":[{"href":"http:\/\/www.rsc.org.tr\/indextr\/index.php\/wp-json\/wp\/v2\/media?parent=300"}],"curies":[{"name":"wp","href":"https:\/\/api.w.org\/{rel}","templated":true}]}}