{"id":281,"date":"2014-06-25T11:58:09","date_gmt":"2014-06-25T08:58:09","guid":{"rendered":"http:\/\/www.rsc.org.tr\/indextr\/?page_id=281"},"modified":"2014-12-30T12:06:46","modified_gmt":"2014-12-30T10:06:46","slug":"e-satin-alma","status":"publish","type":"page","link":"http:\/\/www.rsc.org.tr\/indextr\/index.php\/e-satin-alma\/","title":{"rendered":"\u0130\u015e B\u0130RL\u0130\u011e\u0130 PORTALI"},"content":{"rendered":"<p style=\"text-align: justify;\">\u0130\u015f Birli\u011fi Portal\u0131, Eski\u015fehir Rayl\u0131 Sistemler K\u00fcmelenmesi \u00fcyelerinin k\u00e2rl\u0131l\u0131\u011f\u0131nda, b\u00fcy\u00fcmesinde ve buna ba\u011fl\u0131 olarak da vizyonunu ger\u00e7ekle\u015ftirme yolunda stratejik \u00f6neme sahiptir.<\/p>\n<p style=\"text-align: justify;\">\u00dcyelerimiz bu portal i\u00e7erisinde kendi \u015firketleri ad\u0131na gerekli olan direkt malzeme \/ endirekt malzeme ihtiya\u00e7lar\u0131 i\u00e7in istenilen kriterlere g\u00f6re sat\u0131n alma ihalesi a\u00e7abilirler. A\u00e7\u0131lan bu ihalelere yine \u00fcyelerimiz taraf\u0131ndan teklifler verilebilir. Bunlar de\u011ferlendirilerek fiyat, kalite ve \u00fcretim performans\u0131 vb. kriterlere g\u00f6re sat\u0131n alma faaliyetlerini y\u00fcr\u00fctebilirler.<\/p>\n<p style=\"text-align: justify;\"><strong><strong>\u0130\u015f Birli\u011fi Portal\u0131<\/strong> b\u00f6l\u00fcm\u00fc yaln\u0131zca \u00fcyelerimiz taraf\u0131ndan g\u00f6r\u00fcnt\u00fclenmektedir. <strong>\u0130\u015f Birli\u011fi<\/strong> Portal\u0131na giri\u015f yapmak veya \u00fcyelik ba\u015fvurusunda bulunmak i\u00e7in l\u00fctfen t\u0131klay\u0131n\u0131z.<\/strong><\/p>\n<p><span style=\"color: #ffffff;\">\u00a0<\/span><\/p>\n<p><span style=\"color: #ffffff;\">\u00a0<\/span><\/p>\n<p style=\"text-align: center;\"><span><a href=\"http:\/\/213.128.77.18\/rsc\" target=\"_blank\" class=\" progression-large progression-blue\">\u0130\u015e B\u0130RL\u0130\u011e\u0130 PORTALI<\/a><\/span><\/p>\n","protected":false},"excerpt":{"rendered":"<p>\u0130\u015f Birli\u011fi Portal\u0131, Eski\u015fehir Rayl\u0131 Sistemler K\u00fcmelenmesi \u00fcyelerinin k\u00e2rl\u0131l\u0131\u011f\u0131nda, b\u00fcy\u00fcmesinde ve buna ba\u011fl\u0131 olarak da vizyonunu ger\u00e7ekle\u015ftirme yolunda stratejik \u00f6neme sahiptir. \u00dcyelerimiz bu portal i\u00e7erisinde kendi \u015firketleri ad\u0131na gerekli olan direkt malzeme \/ endirekt malzeme ihtiya\u00e7lar\u0131 i\u00e7in istenilen kriterlere g\u00f6re sat\u0131n alma ihalesi a\u00e7abilirler. A\u00e7\u0131lan bu ihalelere yine \u00fcyelerimiz taraf\u0131ndan teklifler verilebilir. Bunlar de\u011ferlendirilerek fiyat, [&hellip;]<\/p>\n","protected":false},"author":1,"featured_media":0,"parent":0,"menu_order":0,"comment_status":"closed","ping_status":"closed","template":"page-full-width.php","meta":{"footnotes":""},"class_list":["post-281","page","type-page","status-publish","hentry"],"_links":{"self":[{"href":"http:\/\/www.rsc.org.tr\/indextr\/index.php\/wp-json\/wp\/v2\/pages\/281","targetHints":{"allow":["GET"]}}],"collection":[{"href":"http:\/\/www.rsc.org.tr\/indextr\/index.php\/wp-json\/wp\/v2\/pages"}],"about":[{"href":"http:\/\/www.rsc.org.tr\/indextr\/index.php\/wp-json\/wp\/v2\/types\/page"}],"author":[{"embeddable":true,"href":"http:\/\/www.rsc.org.tr\/indextr\/index.php\/wp-json\/wp\/v2\/users\/1"}],"replies":[{"embeddable":true,"href":"http:\/\/www.rsc.org.tr\/indextr\/index.php\/wp-json\/wp\/v2\/comments?post=281"}],"version-history":[{"count":13,"href":"http:\/\/www.rsc.org.tr\/indextr\/index.php\/wp-json\/wp\/v2\/pages\/281\/revisions"}],"predecessor-version":[{"id":806,"href":"http:\/\/www.rsc.org.tr\/indextr\/index.php\/wp-json\/wp\/v2\/pages\/281\/revisions\/806"}],"wp:attachment":[{"href":"http:\/\/www.rsc.org.tr\/indextr\/index.php\/wp-json\/wp\/v2\/media?parent=281"}],"curies":[{"name":"wp","href":"https:\/\/api.w.org\/{rel}","templated":true}]}}