{"id":276,"date":"2014-06-25T11:57:21","date_gmt":"2014-06-25T08:57:21","guid":{"rendered":"http:\/\/www.rsc.org.tr\/indextr\/?page_id=276"},"modified":"2015-02-06T11:47:33","modified_gmt":"2015-02-06T09:47:33","slug":"hakkimizda","status":"publish","type":"page","link":"http:\/\/www.rsc.org.tr\/indextr\/index.php\/hakkimizda\/","title":{"rendered":"HAKKIMIZDA"},"content":{"rendered":"<p style=\"text-align: justify;\">Rayl\u0131 Sistemler K\u00fcmelenmesi, sekt\u00f6rde uzman firmalar\u0131, ilgili kurulu\u015flar\u0131, \u00fcniversiteler ve test merkezi ile birlikte olu\u015fturulmu\u015f bir birlikteliktir. T\u00fcrkiye&#8217;nin bat\u0131s\u0131nda, Demiryolu \u00fcretim ve ula\u015f\u0131m noktalar\u0131na yak\u0131n bir konumda kurulmu\u015ftur.<\/p>\n<p style=\"text-align: justify;\"><strong>Vizyon<\/strong><\/p>\n<p style=\"text-align: justify;\">Rayl\u0131 Sistemler sekt\u00f6r\u00fcnde d\u00fcnyada \u00f6n s\u0131ralarda yer alan tasar\u0131m, ar-ge, inovasyon, \u00fcretim ve teknoloji a\u011f\u0131 olmak.<\/p>\n<p style=\"text-align: justify;\"><strong>Misyon<\/strong><\/p>\n<p style=\"text-align: justify;\">Rayl\u0131 sistemler sekt\u00f6r\u00fcnde ulusal ve uluslararas\u0131 \u00e7er\u00e7evede ar-ge ve inovasyon nitelikleriyle katma de\u011ferli \u00fcretim ve tasar\u0131m yap\u0131lmas\u0131n\u0131 sa\u011flamakt\u0131r.<\/p>\n<p style=\"text-align: justify;\"><strong>K\u00fcmelenmenin kazan\u0131mlar\u0131<\/strong><\/p>\n<ul style=\"text-align: justify;\">\n<li>Sekt\u00f6rde faaliyet g\u00f6steren \u015firketler aras\u0131nda sinerji<\/li>\n<li>Demiryolu sekt\u00f6r\u00fcn\u00fcn birle\u015fmesi<\/li>\n<li>Bilgi ve teknoloji payla\u015f\u0131m\u0131<\/li>\n<li>Teknoloji transferi ve ortak \u00fcretim<\/li>\n<li>Demiryolu end\u00fcstrisi i\u00e7in yenilik\u00e7i \u00e7\u00f6z\u00fcmler bulma<\/li>\n<li>Demiryolu end\u00fcstrinde ekonominin rekabet\u00e7ili\u011fi ve yenilik\u00e7ili\u011fini artt\u0131rma.<\/li>\n<\/ul>\n<p style=\"text-align: justify;\"><strong>K\u00fcme Kabiliyetleri<\/strong><\/p>\n<ul style=\"text-align: justify;\">\n<li>Lokomotif \u00dcretim<\/li>\n<li>Hafif Rayl\u0131 Sistemler, Tramvay<\/li>\n<li>Vagon ve Vagon Par\u00e7alar\u0131 \u0130malat\u0131<\/li>\n<li>Kaporta Kabin ve \u015easi \u0130malatlar\u0131<\/li>\n<li>Boji<\/li>\n<li>Dizel Motorlar<\/li>\n<li>Cer Motorlar\u0131 ve S\u00fcr\u00fcc\u00fcleri<\/li>\n<li>Alternat\u00f6r, Jenerat\u00f6r<\/li>\n<li>Fren Sistemleri<\/li>\n<li>Elektronik Kontrol Sistemleri<\/li>\n<li>Yaz\u0131l\u0131m Geli\u015ftirme<\/li>\n<li>G\u00fc\u00e7 Sistemleri ve Kablaj<\/li>\n<li>Hassas D\u00f6k\u00fcm Kabiliyetleri<\/li>\n<li>Tala\u015fl\u0131 \u0130malat<\/li>\n<li>\u0130\u015fleme Merkezleri<\/li>\n<li>Elektrifikasyon \u00c7\u00f6z\u00fcmleri<\/li>\n<li>Sinyalizasyon \u00c7\u00f6z\u00fcmleri<\/li>\n<li>Montaj, Giydirme, Boya ve Kaplama<\/li>\n<\/ul>\n<p style=\"text-align: justify;\"><strong>URAYS\u0130M &#8211; Ulusal Rayl\u0131 Sistemler M\u00fckemmeliyet ve Test Merkezi<\/strong><\/p>\n<p style=\"text-align: justify;\">\u00dcniversite sanayi i\u015fbirli\u011fi modeli ile \u00e7al\u0131\u015fmalar y\u00fcr\u00fct\u00fclmektedir.<\/p>\n<p style=\"text-align: justify;\">Merkez b\u00fcnyesinde kurulmaya ba\u015flanan Test Merkezi ile demiryolunda \u00e7eken ve \u00e7ekilen ara\u00e7lar\u0131n testleri yap\u0131lacakt\u0131r.<\/p>\n<p style=\"text-align: justify;\"><span style=\"color: #ffffff;\">\u00a0<\/span><\/p>\n<p style=\"text-align: justify;\"><span style=\"color: #ffffff;\">\u00a0<\/span><\/p>\n<p><span style=\"color: #ffffff;\">\u00a0Ha<\/span><\/p>\n<p>&nbsp;<\/p>\n<p><em><strong><a title=\"HAKKIMIZDA\" href=\"http:\/\/www.rsc.org.tr\/indextr\/index.php\/hakkimizda\/\">HAKKIMIZDA<\/a> &gt;&gt; <a title=\"KURULU\u015e\" href=\"http:\/\/www.rsc.org.tr\/indextr\/index.php\/kurulus\/\">KURULU\u015e<\/a> &gt;&gt;<a title=\"Y\u00d6NET\u0130M KURULU\" href=\"http:\/\/www.rsc.org.tr\/indextr\/index.php\/yonetim-kurulu\/\"> Y\u00d6NET\u0130M KURULU<\/a> &gt;&gt; <a title=\"DENET\u0130M KURULU\" href=\"http:\/\/www.rsc.org.tr\/indextr\/index.php\/denetim-kurulu\/\">DENET\u0130M KURULU<\/a> &gt;&gt; <a title=\"ORGAN\u0130ZASYON\" href=\"http:\/\/www.rsc.org.tr\/indextr\/index.php\/organizasyon\/\">ORGAN\u0130ZASYON<\/a> &gt;&gt; <a title=\"\u00c7ALI\u015eMA KURULLARI\" href=\"http:\/\/www.rsc.org.tr\/indextr\/index.php\/calisma-kurullari\/\">\u00c7ALI\u015eMA KURULLARI<\/a> &gt;&gt; <a title=\"NASIL \u00dcYE OLUNUR?\" href=\"http:\/\/www.rsc.org.tr\/indextr\/index.php\/nasil-uye-olunur\/\">\u00dcYEL\u0130K \u0130\u015eLEMLER\u0130 <\/a>&gt;&gt; <a title=\"ET\u0130K KURALLAR\" href=\"http:\/\/www.rsc.org.tr\/indextr\/index.php\/uyelik-kurallari\/\">ET\u0130K KURALLAR<\/a><\/strong><\/em><\/p>\n","protected":false},"excerpt":{"rendered":"<p>Rayl\u0131 Sistemler K\u00fcmelenmesi, sekt\u00f6rde uzman firmalar\u0131, ilgili kurulu\u015flar\u0131, \u00fcniversiteler ve test merkezi ile birlikte olu\u015fturulmu\u015f bir birlikteliktir. T\u00fcrkiye&#8217;nin bat\u0131s\u0131nda, Demiryolu \u00fcretim ve ula\u015f\u0131m noktalar\u0131na yak\u0131n bir konumda kurulmu\u015ftur. Vizyon Rayl\u0131 Sistemler sekt\u00f6r\u00fcnde d\u00fcnyada \u00f6n s\u0131ralarda yer alan tasar\u0131m, ar-ge, inovasyon, \u00fcretim ve teknoloji a\u011f\u0131 olmak. Misyon Rayl\u0131 sistemler sekt\u00f6r\u00fcnde ulusal ve uluslararas\u0131 \u00e7er\u00e7evede ar-ge ve [&hellip;]<\/p>\n","protected":false},"author":1,"featured_media":0,"parent":0,"menu_order":0,"comment_status":"closed","ping_status":"closed","template":"page-full-width.php","meta":{"footnotes":""},"class_list":["post-276","page","type-page","status-publish","hentry"],"_links":{"self":[{"href":"http:\/\/www.rsc.org.tr\/indextr\/index.php\/wp-json\/wp\/v2\/pages\/276","targetHints":{"allow":["GET"]}}],"collection":[{"href":"http:\/\/www.rsc.org.tr\/indextr\/index.php\/wp-json\/wp\/v2\/pages"}],"about":[{"href":"http:\/\/www.rsc.org.tr\/indextr\/index.php\/wp-json\/wp\/v2\/types\/page"}],"author":[{"embeddable":true,"href":"http:\/\/www.rsc.org.tr\/indextr\/index.php\/wp-json\/wp\/v2\/users\/1"}],"replies":[{"embeddable":true,"href":"http:\/\/www.rsc.org.tr\/indextr\/index.php\/wp-json\/wp\/v2\/comments?post=276"}],"version-history":[{"count":14,"href":"http:\/\/www.rsc.org.tr\/indextr\/index.php\/wp-json\/wp\/v2\/pages\/276\/revisions"}],"predecessor-version":[{"id":831,"href":"http:\/\/www.rsc.org.tr\/indextr\/index.php\/wp-json\/wp\/v2\/pages\/276\/revisions\/831"}],"wp:attachment":[{"href":"http:\/\/www.rsc.org.tr\/indextr\/index.php\/wp-json\/wp\/v2\/media?parent=276"}],"curies":[{"name":"wp","href":"https:\/\/api.w.org\/{rel}","templated":true}]}}