{"id":265,"date":"2014-06-25T11:52:32","date_gmt":"2014-06-25T08:52:32","guid":{"rendered":"http:\/\/www.rsc.org.tr\/indextr\/?page_id=265"},"modified":"2014-07-02T15:44:54","modified_gmt":"2014-07-02T12:44:54","slug":"bekel-beyaz-esya-san-ve-tic-a-s","status":"publish","type":"page","link":"http:\/\/www.rsc.org.tr\/indextr\/index.php\/bekel-beyaz-esya-san-ve-tic-a-s\/","title":{"rendered":"BEKEL BEYAZ E\u015eYA SAN. ve T\u0130C. A.\u015e."},"content":{"rendered":"<p><img loading=\"lazy\" decoding=\"async\" class=\"aligncenter size-full wp-image-209\" title=\"bekel,\" src=\"http:\/\/www.rsc.org.tr\/indextr\/wp-content\/uploads\/bekel.png\" alt=\"\" width=\"300\" height=\"300\" srcset=\"http:\/\/www.rsc.org.tr\/indextr\/wp-content\/uploads\/bekel.png 300w, http:\/\/www.rsc.org.tr\/indextr\/wp-content\/uploads\/bekel-150x150.png 150w\" sizes=\"auto, (max-width: 300px) 100vw, 300px\" \/><\/p>\n<p><span style=\"color:#ffffff;\">&nbsp;<span><\/p>\n<p>Beyaz E\u015fya Yan Sanayi sekt\u00f6r\u00fcnde faaliyet g\u00f6steren Endel Beyaz Grup, b\u00fcnyesindeki Kabel A.\u015e., Bekel A.\u015e. ve Endel A.\u015e. \u015firketlerinde beyaz e\u015fya kablo gruplar\u0131, bula\u015f\u0131k makinesi sepeti ve buzdolab\u0131 kondanseri \u00fcretmektedir.<\/p>\n<p>Endel Beyaz Grup 1978&#8217;de Eskisehir&#8217;deki fabrikas\u0131nda buzdolaplar\u0131 i\u00e7in kablo grubu \u00fcretimine ba\u015flad\u0131. 1989&#8217;da Gebze fabrikas\u0131 m\u00fc\u015fteri talebi \u00fczerine \u00e7ama\u015f\u0131r makinesi kablo grubu \u00fcretimi i\u00e7in kurulmu\u015ftur. Kalite yolculu\u011funda 1993&#8217;de, T\u00fcrkiye&#8217;nin ilk ISO 9000 belgesi alan 50 i\u015fletmesinden biri olmu\u015ftur. T\u00fcrkiye&#8217;de bula\u015f\u0131k makinesi \u00fcretiminin ba\u015flamas\u0131 ile birlikte Kabel A.\u015e. tercih edilen tedarik\u00e7i olarak 1993&#8217;de Ankara i\u015fletmesini kurmu\u015ftur. Bu sayede Kabel A.\u015e. T\u00fcrkiye&#8217;nin ilk ve tek bula\u015f\u0131k makinesi sepeti \u00fcreticisi olmu\u015ftur. Buzdolab\u0131 \u00fcretimlerinde odaklanma \u00e7al\u0131\u015fmalar\u0131 ile birlikte Kondanser \u00fcr\u00fcnleri i\u00e7in 1997&#8217;de Eski\u015fehir&#8217;de yeni bir i\u015fletme devreye al\u0131nm\u0131\u015ft\u0131r. Manisa&#8217;daki Beyaz E\u015fya \u00dcreticilerine hizmet vermek \u00fczere Grup 2007&#8217;de Manisa \u0130\u015fletmesini devreye alm\u0131\u015ft\u0131r.<\/p>\n<p><span style=\"color:#ffffff;\">&nbsp;<span><\/p>\n<p><strong>Daha fazla bilgi i\u00e7in <a href=\"http:\/\/www.endelwhitegroup.com\">www.endelwhitegroup.com<\/a><\/strong><\/p>\n<p><span style=\"color:#ffffff;\">&nbsp;<span><\/p>\n","protected":false},"excerpt":{"rendered":"<p>&nbsp; Beyaz E\u015fya Yan Sanayi sekt\u00f6r\u00fcnde faaliyet g\u00f6steren Endel Beyaz Grup, b\u00fcnyesindeki Kabel A.\u015e., Bekel A.\u015e. ve Endel A.\u015e. \u015firketlerinde beyaz e\u015fya kablo gruplar\u0131, bula\u015f\u0131k makinesi sepeti ve buzdolab\u0131 kondanseri \u00fcretmektedir. Endel Beyaz Grup 1978&#8217;de Eskisehir&#8217;deki fabrikas\u0131nda buzdolaplar\u0131 i\u00e7in kablo grubu \u00fcretimine ba\u015flad\u0131. 1989&#8217;da Gebze fabrikas\u0131 m\u00fc\u015fteri talebi \u00fczerine \u00e7ama\u015f\u0131r makinesi kablo grubu \u00fcretimi i\u00e7in [&hellip;]<\/p>\n","protected":false},"author":1,"featured_media":0,"parent":0,"menu_order":0,"comment_status":"closed","ping_status":"closed","template":"page-full-width.php","meta":{"footnotes":""},"class_list":["post-265","page","type-page","status-publish","hentry"],"_links":{"self":[{"href":"http:\/\/www.rsc.org.tr\/indextr\/index.php\/wp-json\/wp\/v2\/pages\/265","targetHints":{"allow":["GET"]}}],"collection":[{"href":"http:\/\/www.rsc.org.tr\/indextr\/index.php\/wp-json\/wp\/v2\/pages"}],"about":[{"href":"http:\/\/www.rsc.org.tr\/indextr\/index.php\/wp-json\/wp\/v2\/types\/page"}],"author":[{"embeddable":true,"href":"http:\/\/www.rsc.org.tr\/indextr\/index.php\/wp-json\/wp\/v2\/users\/1"}],"replies":[{"embeddable":true,"href":"http:\/\/www.rsc.org.tr\/indextr\/index.php\/wp-json\/wp\/v2\/comments?post=265"}],"version-history":[{"count":4,"href":"http:\/\/www.rsc.org.tr\/indextr\/index.php\/wp-json\/wp\/v2\/pages\/265\/revisions"}],"predecessor-version":[{"id":657,"href":"http:\/\/www.rsc.org.tr\/indextr\/index.php\/wp-json\/wp\/v2\/pages\/265\/revisions\/657"}],"wp:attachment":[{"href":"http:\/\/www.rsc.org.tr\/indextr\/index.php\/wp-json\/wp\/v2\/media?parent=265"}],"curies":[{"name":"wp","href":"https:\/\/api.w.org\/{rel}","templated":true}]}}