{"id":257,"date":"2014-06-25T11:44:59","date_gmt":"2014-06-25T08:44:59","guid":{"rendered":"http:\/\/www.rsc.org.tr\/indextr\/?page_id=257"},"modified":"2015-02-12T14:17:39","modified_gmt":"2015-02-12T12:17:39","slug":"basindan","status":"publish","type":"page","link":"http:\/\/www.rsc.org.tr\/indextr\/index.php\/basindan\/","title":{"rendered":"BASINDA RSC"},"content":{"rendered":"<p><span style=\"color: #ffffff;\">\u00a0<\/span><\/p>\n<p>&gt;&gt; <a href=\"http:\/\/dergi.eso.org.tr\/Main.php?MagID=1&amp;MagNo=73\">Rayl\u0131 Sistemlerde Merkez Eski\u015fehir Aral\u0131k 2013<\/a><\/p>\n<p>&gt;&gt;\u00a0<a href=\"http:\/\/www.rsc.org.tr\/indextr\/wp-content\/uploads\/haber1.pdf\">Eski\u015fehir&#8217;in Rayl\u0131 Sistemleri tan\u0131t\u0131ld\u0131. 14.03.2012 <\/a><\/p>\n<p>&gt;&gt; <a href=\"http:\/\/www.rsc.org.tr\/indextr\/wp-content\/uploads\/haber7.pdf\">Rayl\u0131 Sistemler K\u00fcmelenmesi Derne\u011finin Genel Kurulu! 23.12.2011<\/a><\/p>\n<p>&gt;&gt; <a href=\"http:\/\/www.rsc.org.tr\/indextr\/wp-content\/uploads\/haber5.pdf\">Rayl\u0131 Sistemler Kurulu Bug\u00fcn Yap\u0131l\u0131yor! 18.12.2011<\/a><\/p>\n<p>&gt;&gt; <a href=\"http:\/\/www.rsc.org.tr\/indextr\/wp-content\/uploads\/haber3.pdf\">Eski\u015fehir Rayl\u0131 Sistemler konusunda merkez oluyor. 01.12.2011<\/a><\/p>\n<p>&gt;&gt; <a href=\"http:\/\/www.rsc.org.tr\/indextr\/wp-content\/uploads\/haber4.pdf\">Rayl\u0131 Sistemler Ba\u015fkenti Eski\u015fehir! .05.11.2011<\/a><\/p>\n<p>&gt;&gt; <a href=\"http:\/\/www.rsc.org.tr\/indextr\/wp-content\/uploads\/haber2.pdf\">Eski\u015fehir&#8217;de &#8216;Rayl\u0131 Sistemler K\u00fcmelenme \u00c7al\u0131\u015ftay\u0131&#8217; yap\u0131ld\u0131. 28.10.2011<\/a><\/p>\n<p>&gt;&gt; <a href=\"http:\/\/dergi.eso.org.tr\/Main.php?MagID=1&amp;MagNo=56\">T\u00fcrkiye&#8217;nin \u0130lk Rayl\u0131 Sistemler K\u00fcmelenmesi Kuruldu. Haziran 2011<\/a><\/p>\n<p>&nbsp;<\/p>\n<p>&nbsp;<\/p>\n<p><span style=\"color: #ffffff;\">\u00a0<\/span><\/p>\n<p><span style=\"color: #ffffff;\">\u00a0<\/span><\/p>\n<p><span style=\"color: #ffffff;\">\u00a0<\/span><\/p>\n<p><span style=\"color: #ffffff;\">\u00a0<\/span><\/p>\n<p>&nbsp;<\/p>\n","protected":false},"excerpt":{"rendered":"<p>\u00a0 &gt;&gt; Rayl\u0131 Sistemlerde Merkez Eski\u015fehir Aral\u0131k 2013 &gt;&gt;\u00a0Eski\u015fehir&#8217;in Rayl\u0131 Sistemleri tan\u0131t\u0131ld\u0131. 14.03.2012 &gt;&gt; Rayl\u0131 Sistemler K\u00fcmelenmesi Derne\u011finin Genel Kurulu! 23.12.2011 &gt;&gt; Rayl\u0131 Sistemler Kurulu Bug\u00fcn Yap\u0131l\u0131yor! 18.12.2011 &gt;&gt; Eski\u015fehir Rayl\u0131 Sistemler konusunda merkez oluyor. 01.12.2011 &gt;&gt; Rayl\u0131 Sistemler Ba\u015fkenti Eski\u015fehir! .05.11.2011 &gt;&gt; Eski\u015fehir&#8217;de &#8216;Rayl\u0131 Sistemler K\u00fcmelenme \u00c7al\u0131\u015ftay\u0131&#8217; yap\u0131ld\u0131. 28.10.2011 &gt;&gt; T\u00fcrkiye&#8217;nin \u0130lk Rayl\u0131 Sistemler [&hellip;]<\/p>\n","protected":false},"author":1,"featured_media":0,"parent":0,"menu_order":0,"comment_status":"closed","ping_status":"closed","template":"","meta":{"footnotes":""},"class_list":["post-257","page","type-page","status-publish","hentry"],"_links":{"self":[{"href":"http:\/\/www.rsc.org.tr\/indextr\/index.php\/wp-json\/wp\/v2\/pages\/257","targetHints":{"allow":["GET"]}}],"collection":[{"href":"http:\/\/www.rsc.org.tr\/indextr\/index.php\/wp-json\/wp\/v2\/pages"}],"about":[{"href":"http:\/\/www.rsc.org.tr\/indextr\/index.php\/wp-json\/wp\/v2\/types\/page"}],"author":[{"embeddable":true,"href":"http:\/\/www.rsc.org.tr\/indextr\/index.php\/wp-json\/wp\/v2\/users\/1"}],"replies":[{"embeddable":true,"href":"http:\/\/www.rsc.org.tr\/indextr\/index.php\/wp-json\/wp\/v2\/comments?post=257"}],"version-history":[{"count":15,"href":"http:\/\/www.rsc.org.tr\/indextr\/index.php\/wp-json\/wp\/v2\/pages\/257\/revisions"}],"predecessor-version":[{"id":1168,"href":"http:\/\/www.rsc.org.tr\/indextr\/index.php\/wp-json\/wp\/v2\/pages\/257\/revisions\/1168"}],"wp:attachment":[{"href":"http:\/\/www.rsc.org.tr\/indextr\/index.php\/wp-json\/wp\/v2\/media?parent=257"}],"curies":[{"name":"wp","href":"https:\/\/api.w.org\/{rel}","templated":true}]}}