{"id":245,"date":"2014-06-25T11:42:24","date_gmt":"2014-06-25T08:42:24","guid":{"rendered":"http:\/\/www.rsc.org.tr\/indextr\/?page_id=245"},"modified":"2014-07-02T15:44:05","modified_gmt":"2014-07-02T12:44:05","slug":"aydingor-makina-san-tic-ltd-sti","status":"publish","type":"page","link":"http:\/\/www.rsc.org.tr\/indextr\/index.php\/aydingor-makina-san-tic-ltd-sti\/","title":{"rendered":"AYDING\u00d6R MAK\u0130NA SAN. T\u0130C. LTD. \u015eT\u0130."},"content":{"rendered":"<p><span style=\"color:#ffffff;\">&nbsp;<span><\/p>\n<p><img loading=\"lazy\" decoding=\"async\" class=\"size-full wp-image-208 aligncenter\" title=\"aydingor\" src=\"http:\/\/www.rsc.org.tr\/indextr\/wp-content\/uploads\/aydingor.png\" alt=\"\" width=\"300\" height=\"300\" srcset=\"http:\/\/www.rsc.org.tr\/indextr\/wp-content\/uploads\/aydingor.png 300w, http:\/\/www.rsc.org.tr\/indextr\/wp-content\/uploads\/aydingor-150x150.png 150w\" sizes=\"auto, (max-width: 300px) 100vw, 300px\" \/><\/p>\n<p><span style=\"color:#ffffff;\">&nbsp;<span><\/p>\n<p>1972 y\u0131l\u0131nda kurulan Ayd\u0131ng\u00f6r Makina San. Tic. Ltd. \u015eti. Eski\u015fehir Organize Sanayi B\u00f6lgesindeki 3500 m2 kapal\u0131 alanda Havac\u0131l\u0131k ve Savunma Sanayi, Denizcilik, Demiryollar\u0131, Madencilik ve A\u011f\u0131r Sanayiye hizmet vermekle birlikte Makina Park\u0131na uygun de\u011fi\u015fik sekt\u00f6rlere de fason imalat yapmaktad\u0131r.<\/p>\n<p>Kuruldu\u011fundan bu taradfa konusunda b\u00fcy\u00fcyerek faaliyetlerini s\u00fcrd\u00fcren Ayd\u0131ng\u00f6r Makina havac\u0131l\u0131k sekt\u00f6r\u00fcne vermi\u015f oldu\u011fu hizmetleri \u00fcst seviyeye \u00e7\u0131karmak i\u00e7in y\u00f6netim kurulu taraf\u0131ndan gerekli teknolojik yat\u0131r\u0131mlar\u0131 artt\u0131rma, yeni bir \u015firket kurma konsept karar\u0131n\u0131 alm\u0131\u015f, Ayd\u0131ng\u00f6r Havac\u0131l\u0131k ismi alt\u0131nda yeni bir \u015firket kurmu\u015ftur.<\/p>\n<p><span style=\"color:#ffffff;\">&nbsp;<span><\/p>\n<p><strong>Daha fazla bilgi i\u00e7in <a title=\"ESK\u0130\u015eEH\u0130R\u2019DE HEDEF RAYLI S\u0130STEMLERDE ULUSLARARASI MERKEZ OLMAK\" href=\"http:\/\/www.aydingormakina.com.tr\">www.aydingormakina.com.tr<\/a><\/strong><\/p>\n","protected":false},"excerpt":{"rendered":"<p>&nbsp; &nbsp; 1972 y\u0131l\u0131nda kurulan Ayd\u0131ng\u00f6r Makina San. Tic. Ltd. \u015eti. Eski\u015fehir Organize Sanayi B\u00f6lgesindeki 3500 m2 kapal\u0131 alanda Havac\u0131l\u0131k ve Savunma Sanayi, Denizcilik, Demiryollar\u0131, Madencilik ve A\u011f\u0131r Sanayiye hizmet vermekle birlikte Makina Park\u0131na uygun de\u011fi\u015fik sekt\u00f6rlere de fason imalat yapmaktad\u0131r. Kuruldu\u011fundan bu taradfa konusunda b\u00fcy\u00fcyerek faaliyetlerini s\u00fcrd\u00fcren Ayd\u0131ng\u00f6r Makina havac\u0131l\u0131k sekt\u00f6r\u00fcne vermi\u015f oldu\u011fu hizmetleri [&hellip;]<\/p>\n","protected":false},"author":1,"featured_media":0,"parent":0,"menu_order":0,"comment_status":"closed","ping_status":"closed","template":"page-full-width.php","meta":{"footnotes":""},"class_list":["post-245","page","type-page","status-publish","hentry"],"_links":{"self":[{"href":"http:\/\/www.rsc.org.tr\/indextr\/index.php\/wp-json\/wp\/v2\/pages\/245","targetHints":{"allow":["GET"]}}],"collection":[{"href":"http:\/\/www.rsc.org.tr\/indextr\/index.php\/wp-json\/wp\/v2\/pages"}],"about":[{"href":"http:\/\/www.rsc.org.tr\/indextr\/index.php\/wp-json\/wp\/v2\/types\/page"}],"author":[{"embeddable":true,"href":"http:\/\/www.rsc.org.tr\/indextr\/index.php\/wp-json\/wp\/v2\/users\/1"}],"replies":[{"embeddable":true,"href":"http:\/\/www.rsc.org.tr\/indextr\/index.php\/wp-json\/wp\/v2\/comments?post=245"}],"version-history":[{"count":5,"href":"http:\/\/www.rsc.org.tr\/indextr\/index.php\/wp-json\/wp\/v2\/pages\/245\/revisions"}],"predecessor-version":[{"id":968,"href":"http:\/\/www.rsc.org.tr\/indextr\/index.php\/wp-json\/wp\/v2\/pages\/245\/revisions\/968"}],"wp:attachment":[{"href":"http:\/\/www.rsc.org.tr\/indextr\/index.php\/wp-json\/wp\/v2\/media?parent=245"}],"curies":[{"name":"wp","href":"https:\/\/api.w.org\/{rel}","templated":true}]}}