{"id":242,"date":"2014-06-25T11:41:00","date_gmt":"2014-06-25T08:41:00","guid":{"rendered":"http:\/\/www.rsc.org.tr\/indextr\/?page_id=242"},"modified":"2014-07-02T15:43:45","modified_gmt":"2014-07-02T12:43:45","slug":"arastirma","status":"publish","type":"page","link":"http:\/\/www.rsc.org.tr\/indextr\/index.php\/arastirma\/","title":{"rendered":"ARA\u015eTIRMA"},"content":{"rendered":"<p><span style=\"color:#ffffff;\">&nbsp;<span><\/p>\n<p><strong><a title=\"ESK\u0130\u015eEH\u0130R ANADOLU \u00dcN\u0130VERS\u0130TES\u0130\" href=\"http:\/\/www.rsc.org.tr\/indextr\/index.php\/eskisehir-anadolu-universitesi\/\"><img loading=\"lazy\" decoding=\"async\" class=\"alignleft size-thumbnail wp-image-213\" title=\"esanadolu\" src=\"http:\/\/www.rsc.org.tr\/indextr\/wp-content\/uploads\/esanadolu-150x150.jpg\" alt=\"\" width=\"150\" height=\"150\" \/><\/a>ESK\u0130\u015eEH\u0130R ANADOLU \u00dcN\u0130VERS\u0130TES\u0130<\/strong><\/p>\n<p>Anadolu \u00dcniversitesi, en son teknolojik olanaklarla donat\u0131lm\u0131\u015f b\u00f6l\u00fcmlerinde, her biri alan\u0131nda en iyisi olmak i\u00e7in \u00e7al\u0131\u015fan ve t\u00fcm zaman\u0131n\u0131 \u00f6\u011frencileriyle payla\u015fan geni\u015f \u00f6\u011fretim kadrosuyla \u00f6\u011frencilerini, yarat\u0131c\u0131 ve dinamik e\u011fitim ortamlar\u0131 i\u00e7inde gelece\u011fin en iyileri olarak haz\u0131rlamak i\u00e7in \u00e7al\u0131\u015fmaktad\u0131r. <a title=\"ESK\u0130\u015eEH\u0130R ANADOLU \u00dcN\u0130VERS\u0130TES\u0130\" href=\"http:\/\/www.rsc.org.tr\/indextr\/index.php\/eskisehir-anadolu-universitesi\/\">Detaylar&#8230;<\/a><\/p>\n<p><span style=\"color:#ffffff;\">&nbsp;<span><\/p>\n<p><span style=\"color:#ffffff;\">&nbsp;<span><\/p>\n<hr \/>\n<p><span style=\"color:#ffffff;\">&nbsp;<span><\/p>\n<p><span style=\"color:#ffffff;\">&nbsp;<span><\/p>\n<p><strong><br \/>\n<a title=\"ESK\u0130\u015eEH\u0130R OSMANGAZ\u0130 \u00dcN\u0130VERS\u0130TES\u0130\" href=\"http:\/\/www.rsc.org.tr\/indextr\/index.php\/eskisehir-osmangazi-universitesi\/\"><img loading=\"lazy\" decoding=\"async\" class=\"alignleft size-thumbnail wp-image-215\" title=\"esogu\" src=\"http:\/\/www.rsc.org.tr\/indextr\/wp-content\/uploads\/esogu-150x150.jpg\" alt=\"\" width=\"150\" height=\"150\" srcset=\"http:\/\/www.rsc.org.tr\/indextr\/wp-content\/uploads\/esogu-150x150.jpg 150w, http:\/\/www.rsc.org.tr\/indextr\/wp-content\/uploads\/esogu.jpg 300w\" sizes=\"auto, (max-width: 150px) 100vw, 150px\" \/><\/a>ESK\u0130\u015eEH\u0130R OSMANGAZ\u0130 \u00dcN\u0130VERS\u0130TES\u0130<\/strong><\/p>\n<p>Vizyonu, ulusal ve evrensel de\u011ferlere sahip, bilim \u0131\u015f\u0131\u011f\u0131nda ara\u015ft\u0131rma-geli\u015ftirme yapabilen, giri\u015fimci, kat\u0131l\u0131mc\u0131, payla\u015f\u0131mc\u0131, bilim ve teknoloji \u00fcreterek topluma katk\u0131 sa\u011flayan mezunlar ve bilim insanlar\u0131 yeti\u015ftiren, \u00e7a\u011fda\u015f hizmetler sunan, \u00e7al\u0131\u015fanlar\u0131n\u0131n haklar\u0131n\u0131 koruyan ve onlara sayg\u0131l\u0131, ulusal ve uluslararas\u0131 d\u00fczeyde sayg\u0131nl\u0131\u011f\u0131 olan, alan\u0131nda \u00f6nc\u00fcl\u00fck eden ve \u00e7al\u0131\u015fmalar\u0131 \u00f6rnek al\u0131nan bir \u00fcniversite olmak. <a title=\"ESK\u0130\u015eEH\u0130R OSMANGAZ\u0130 \u00dcN\u0130VERS\u0130TES\u0130\" href=\"http:\/\/www.rsc.org.tr\/indextr\/index.php\/eskisehir-osmangazi-universitesi\/\">Detaylar&#8230;<\/a><\/p>\n<p><span style=\"color:#ffffff;\">&nbsp;<span><\/p>\n<p><span style=\"color:#ffffff;\">&nbsp;<span><\/p>\n<hr \/>\n<p><span style=\"color:#ffffff;\">&nbsp;<span><\/p>\n<p><span style=\"color:#ffffff;\">&nbsp;<span><\/p>\n<p><span style=\"color:#ffffff;\">&nbsp;<span><\/p>\n<p><span style=\"color:#ffffff;\">&nbsp;<span><\/p>\n<p><span style=\"color:#ffffff;\">&nbsp;<span><\/p>\n<p><em><strong><a title=\"KATEGOR\u0130LER\" href=\"http:\/\/www.rsc.org.tr\/indextr\/index.php\/kategoriler\/\">KATEGOR\u0130LER <\/a>&gt;&gt;<\/strong><\/em><\/p>\n","protected":false},"excerpt":{"rendered":"<p>&nbsp; ESK\u0130\u015eEH\u0130R ANADOLU \u00dcN\u0130VERS\u0130TES\u0130 Anadolu \u00dcniversitesi, en son teknolojik olanaklarla donat\u0131lm\u0131\u015f b\u00f6l\u00fcmlerinde, her biri alan\u0131nda en iyisi olmak i\u00e7in \u00e7al\u0131\u015fan ve t\u00fcm zaman\u0131n\u0131 \u00f6\u011frencileriyle payla\u015fan geni\u015f \u00f6\u011fretim kadrosuyla \u00f6\u011frencilerini, yarat\u0131c\u0131 ve dinamik e\u011fitim ortamlar\u0131 i\u00e7inde gelece\u011fin en iyileri olarak haz\u0131rlamak i\u00e7in \u00e7al\u0131\u015fmaktad\u0131r. Detaylar&#8230; &nbsp; &nbsp; &nbsp; &nbsp; ESK\u0130\u015eEH\u0130R OSMANGAZ\u0130 \u00dcN\u0130VERS\u0130TES\u0130 Vizyonu, ulusal ve evrensel de\u011ferlere [&hellip;]<\/p>\n","protected":false},"author":1,"featured_media":0,"parent":0,"menu_order":0,"comment_status":"closed","ping_status":"closed","template":"page-full-width.php","meta":{"footnotes":""},"class_list":["post-242","page","type-page","status-publish","hentry"],"_links":{"self":[{"href":"http:\/\/www.rsc.org.tr\/indextr\/index.php\/wp-json\/wp\/v2\/pages\/242","targetHints":{"allow":["GET"]}}],"collection":[{"href":"http:\/\/www.rsc.org.tr\/indextr\/index.php\/wp-json\/wp\/v2\/pages"}],"about":[{"href":"http:\/\/www.rsc.org.tr\/indextr\/index.php\/wp-json\/wp\/v2\/types\/page"}],"author":[{"embeddable":true,"href":"http:\/\/www.rsc.org.tr\/indextr\/index.php\/wp-json\/wp\/v2\/users\/1"}],"replies":[{"embeddable":true,"href":"http:\/\/www.rsc.org.tr\/indextr\/index.php\/wp-json\/wp\/v2\/comments?post=242"}],"version-history":[{"count":7,"href":"http:\/\/www.rsc.org.tr\/indextr\/index.php\/wp-json\/wp\/v2\/pages\/242\/revisions"}],"predecessor-version":[{"id":654,"href":"http:\/\/www.rsc.org.tr\/indextr\/index.php\/wp-json\/wp\/v2\/pages\/242\/revisions\/654"}],"wp:attachment":[{"href":"http:\/\/www.rsc.org.tr\/indextr\/index.php\/wp-json\/wp\/v2\/media?parent=242"}],"curies":[{"name":"wp","href":"https:\/\/api.w.org\/{rel}","templated":true}]}}