{"id":240,"date":"2014-06-25T11:37:41","date_gmt":"2014-06-25T08:37:41","guid":{"rendered":"http:\/\/www.rsc.org.tr\/indextr\/?page_id=240"},"modified":"2023-01-26T10:38:54","modified_gmt":"2023-01-26T07:38:54","slug":"anasayfa","status":"publish","type":"page","link":"http:\/\/www.rsc.org.tr\/indextr\/","title":{"rendered":"ANASAYFA"},"content":{"rendered":"\n<h2 class=\"wp-block-heading\">T\u00fcrkiye, Avrupa\u2019ya 75 bin vagon ihra\u00e7 edebilir<\/h2>\n\n\n\n<p>Demiryolu sekt\u00f6r\u00fcnde son 10 y\u0131lda y\u00fczde 100\u2019l\u00fck b\u00fcy\u00fcmeye ula\u015f\u0131ld\u0131\u011f\u0131n\u0131 a\u00e7\u0131klayan Eski\u015fehir Rayl\u0131 Sistemler K\u00fcmelenmesi Y\u00f6netim Kurulu Ba\u015fkan\u0131 Ramazan Yanar, T\u00fcrkiye\u2019nin 5 y\u0131l i\u00e7inde Avrupa\u2019n\u0131n demiryolu ara\u00e7lar\u0131 i\u00e7in \u00fcretim \u00fcss\u00fc olaca\u011f\u0131n\u0131 s\u00f6yledi. Yanar, Ukrayna-Rusya sava\u015f\u0131 sonras\u0131nda demiryolu <a href=\"http:\/\/www.rsc.org.tr\/indextr\/index.php\/2023\/01\/turkiye-avrupaya-75-bin-vagon-ihrac-edebilir\/\">Devam\u0131 \u0130\u00e7in&#8230;<\/a><\/p>\n\n\n<p><strong>Rayl\u0131 Sistemler K\u00fcmelenmesi Geni\u015fletilmi\u015f Y\u00f6netim Kurulu Toplant\u0131s\u0131 Ger\u00e7ekle\u015ftirildi.<\/strong><\/p>\n<p>23.11.2022 \u00c7ar\u015famba g\u00fcn\u00fc Rayl\u0131 Sistemler K\u00fcme Ba\u015fkan\u0131m\u0131z Sn. Ba\u015fkan\u0131 Ramazan Yanar\u2019\u0131n \u00f6nc\u00fcl\u00fc\u011f\u00fcnde ger\u00e7ekle\u015fen Rayl\u0131 Sistemler K\u00fcmelenmesi Geni\u015fletilmi\u015f Y\u00f6netim Kurulu toplant\u0131s\u0131na Anadolu \u00dcniversitesi Rekt\u00f6r\u00fc <a href=\"http:\/\/www.rsc.org.tr\/indextr\/index.php\/2022\/11\/rayli-sistemler-kumelenmesi-genisletilmis-yonetim-kurulu-toplantisi-gerceklestirildi\/\">Devam\u0131 \u0130\u00e7in&#8230;<\/a><\/p>\n<p style=\"color: #141823; text-align: justify;\"><strong>Eski\u015fehir\u00a0Osmangazi \u00dcniversitesi&#8217;ne\u00a0Ziyaret<\/strong><\/p>\n<p style=\"color: #141823; text-align: justify;\">Rayl\u0131 Sistemler K\u00fcmelenmesi Y\u00f6netim Kurulu \u00dcyelerimiz 06 A\u011fustos 2020 Per\u015fembe g\u00fcn\u00fc Eski\u015fehir Osmangazi \u00dcniversitesi Rekt\u00f6r\u00fc Prof. Dr. Kemal \u015eenocak&#8217;\u0131 makam\u0131nda ziyaret etmi\u015ftir. Ziyarette Rekt\u00f6r Yard\u0131mc\u0131s\u0131 Prof. Dr. Rifat Edizkan da haz\u0131r bulunmu\u015ftur.\u00a0<a title=\"ESK\u0130\u015eEH\u0130R OSMANGAZ\u0130 \u00dcN\u0130VERS\u0130TES\u0130\u2019NE Z\u0130YARET\" href=\"http:\/\/www.rsc.org.tr\/indextr\/index.php\/eskisehir-osmangazi-universitesine-ziyaret\/\">Devam\u0131 i\u00e7in&#8230;<\/a><\/p>\n<p style=\"color: #141823; text-align: justify;\">\u00a0<hr class=\"progression-hr\"><\/hr><\/p>\n<p style=\"color: #141823; text-align: justify;\"><strong>Eski\u015fehir\u00a0Valisi Sn. Erol Ayy\u0131ld\u0131z&#8217;\u0131 Makam\u0131nda Ziyaret<\/strong><\/p>\n<p style=\"color: #141823; text-align: justify;\">Rayl\u0131 Sistemler K\u00fcmelenmesi Y\u00f6netim Kurulu \u00dcyelerimizin 27 Temmuz 2020 Pazartesi g\u00fcn\u00fc Eski\u015fehir Valisi Sn. Erol Ayy\u0131ld\u0131z&#8217;\u0131 makam\u0131nda ziyaretleri s\u0131ras\u0131nda Rayl\u0131 Sistemler ve Demiryollar\u0131n\u0131n Eski\u015fehir i\u00e7in \u00f6nemi de\u011ferlendirilerek, kar\u015f\u0131l\u0131kl\u0131 g\u00f6r\u00fc\u015fmeler yap\u0131lm\u0131\u015ft\u0131r.\u00a0<a title=\"ESK\u0130\u015eEH\u0130R VAL\u0130S\u0130 SN. EROL AYYILDIZ\u2019I MAKAMINDA Z\u0130YARET\" href=\"http:\/\/www.rsc.org.tr\/indextr\/index.php\/eskisehir-valisi-sn-erol-ayyildizi-makaminda-ziyaret\/\">Devam\u0131 i\u00e7in&#8230;<\/a><\/p>\n<p style=\"color: #141823; text-align: justify;\">\u00a0<hr class=\"progression-hr\"><\/hr><\/p>\n<p style=\"color: #141823; text-align: justify;\"><strong>Eski\u015fehir Teknik \u00dcniversitesi&#8217;ne Ziyaret<\/strong><\/p>\n<p style=\"color: #141823; text-align: justify;\">Rayl\u0131 Sistemler K\u00fcmelenmesi Y\u00f6netim Kurulu \u00dcyelerimiz 22 Temmuz 2020 \u00c7ar\u015famba g\u00fcn\u00fc Eski\u015fehir Teknik \u00dcniversitesi Rekt\u00f6r\u00fc Sn. Prof. Dr. Tuncay D\u00d6\u011eERO\u011eLU&#8217;na d\u00fczenlenen ziyaret s\u0131ras\u0131nda Uraysim Projesi ile ilgili kar\u015f\u0131l\u0131kl\u0131 g\u00f6r\u00fc\u015fmeler yapm\u0131\u015ft\u0131r.\u00a0<a title=\"ESK\u0130\u015eEH\u0130R TEKN\u0130K \u00dcN\u0130VERS\u0130TES\u0130\u2019NE Z\u0130YARET\" href=\"http:\/\/www.rsc.org.tr\/indextr\/index.php\/eskisehir-teknik-universitesine-ziyaret\/\">Devam\u0131 i\u00e7in&#8230;<\/a><\/p>\n<p style=\"color: #141823; text-align: justify;\">\u00a0<hr class=\"progression-hr\"><\/hr><\/p>\n<p style=\"color: #141823; text-align: justify;\"><strong>Derne\u011fimiz 043\/ 2020 say\u0131l\u0131 09\/7\/2020 tarihli Y\u00f6netim Kurulu Toplant\u0131s\u0131n\u0131 Ger\u00e7ekle\u015ftirdi<\/strong><\/p>\n<p style=\"color: #141823; text-align: justify;\">Derne\u011fimiz yerle\u015fkesinde, ola\u011fan y\u00f6netim kurulu toplant\u0131m\u0131z 09\/07\/2020 tarihinde ger\u00e7ekle\u015ftirilmi\u015ftir. Bir \u00f6nceki dernek kurulu ba\u015fkan\u0131m\u0131z Sn. Hayri Avc\u0131&#8217;n\u0131n istifas\u0131 sonras\u0131 derne\u011fimizin yeni y\u00f6netim yap\u0131lanmas\u0131 da olu\u015fturuldu. Bu do\u011frultuda dernek y\u00f6netim kurulu \u00fcyemiz; sn. Ramazan YANAR&#8217;\u0131n Dernek Kurulu Ba\u015fkan\u0131 olarak g\u00f6revlendirilmesine oy birli\u011fiyle karar verilmi\u015ftir. Yeni y\u00f6netimimizin \u00fclkemize, \u015fehrimize ve sekt\u00f6r\u00fcm\u00fcze hay\u0131rl\u0131 olmas\u0131n\u0131 dileriz.\u00a0<a title=\"DERNE\u011e\u0130M\u0130Z\u0130N YEN\u0130 Y\u00d6NET\u0130M KURULU OLU\u015eTURULDU\" href=\"http:\/\/www.rsc.org.tr\/indextr\/index.php\/dernegimizin-yeni-yonetim-kurulu-olusturuldu\/\">Devam\u0131 i\u00e7in&#8230;<\/a><\/p>\n<p style=\"color: #141823; text-align: justify;\">\u00a0<hr class=\"progression-hr\"><\/hr><\/p>\n<p style=\"color: #141823; text-align: justify;\"><strong>Rayl\u0131 Sistemler Sekt\u00f6r\u00fcnde Kalifiye \u0130nsan Kayna\u011f\u0131 \u0130htiyac\u0131n\u0131n Kar\u015f\u0131lanmas\u0131 i\u00e7in Rayl\u0131 Sistemler K\u00fcmelenmesi ve T\u00dcLOMSA\u015e i\u015fbirli\u011fi ile ba\u015flat\u0131lan proje T\u00dcLOMSA\u015e&#8217;ta tan\u0131t\u0131ld\u0131.\u00a0<\/strong><\/p>\n<p style=\"color: #141823; text-align: justify;\">Eski\u015fehir Valisi G\u00fcng\u00f6r Azim Tuna, Anadolu \u00dcniversitesi Rekt\u00f6r\u00fc Naci G\u00fcndo\u011fan, T\u00fclomsa\u015f Genel M\u00fcd\u00fcr\u00fc Hayri Avc\u0131, Milli e\u011fitim \u0130l M\u00fcd\u00fcr\u00fc Necmi \u00d6zen, Sanayi Odas\u0131 Ba\u015fkan\u0131 Sava\u015f \u00d6zaydemir&#8217;in ve Rayl\u0131 Sistemler K\u00fcmelenmesi Y\u00f6netim Kurulu Ba\u015fkan\u0131 M. Kenan I\u015f\u0131k&#8217;\u0131n kat\u0131l\u0131m\u0131yla d\u00fczenlenen toplant\u0131da proje hakk\u0131<span class=\"text_exposed_show\">nda bilgilendirme yap\u0131ld\u0131.<br \/>Meslek Lisesi \u00f6\u011frencileri ile birlikte T\u00dcLOMSA\u015e\u2019ta d\u00fczenlenen iftar yeme\u011finde sanayiciler ve \u00f6\u011frenciler bir araya geldiler.<br \/>Projede gen\u00e7lerimizin okul \u00e7a\u011flar\u0131ndan ba\u015flayarak sekt\u00f6r\u00fcn ihtiya\u00e7lar\u0131 i\u00e7in bilin\u00e7lendirilmesi ve yeti\u015ftirilmesini hedefleniyor. Gen\u00e7lerimizin mesleki e\u011fitim sonras\u0131 hemen i\u015f ba\u015f\u0131 yapabilmeleri ve devam\u0131nda y\u00fcksek \u00f6\u011fretim i\u00e7inde destek hedeflerini i\u00e7eren proje \u00f6n\u00fcm\u00fczdeki d\u00f6nemden itibaren devreye al\u0131nmaya \u00e7al\u0131\u015f\u0131lacak.<\/span><\/p>\n<div class=\"text_exposed_show\" style=\"color: #141823; text-align: justify;\">\n<p>9 Temmuz 2015 Eski\u015fehir<\/p>\n<\/div>\n<p style=\"text-align: justify;\">\u00a0<hr class=\"progression-hr\"><\/hr><\/p>\n<p style=\"text-align: justify;\"><strong>Eski\u015fehir Gen\u00e7lerin \u0130stihdam Edilebilirli\u011fi Program\u0131 (ESG\u0130P) tan\u0131t\u0131ld\u0131.\u00a0<\/strong><\/p>\n<p style=\"text-align: justify;\"><span style=\"color: #141823;\">Mesleki ve teknik okul \u00f6\u011frencilerinin daha kalifiye yeti\u015fmesi i\u00e7in haz\u0131rlanan \u201c Eski\u015fehir Gen\u00e7lerin \u0130stihdam Edilebilirli\u011fi Program\u0131 (ESG\u0130P)\u201d , Eski\u015fehir Sanayi Odas\u0131\u2019n\u0131n organizasyonuyla Teknoloji E\u011fitimi Geli\u015ftirme Vakf\u0131 TEGEV, Program\u0131n sponsoru olan IRS ve T\u00fcrkiye\u2019deki temsilcisi Magnezit A.\u015e. ile ESO, CBYT, Atat\u00fcrk Teknik ve End\u00fcstri Meslek Lisesi, Yunus Emre Teknik ve End\u00fcstri Meslek Lisesi ve Turgut Reis Teknik ve End\u00fcstri Meslek Lisesi i\u015fbirli\u011finde 11 Haziran g\u00fc<\/span><span class=\"text_exposed_show\" style=\"color: #141823;\">n\u00fc tan\u0131t\u0131ld\u0131. .<br \/>\u0130l Milli E\u011fitim M\u00fcd\u00fcr\u00fc Necmi \u00d6zer ve TEGEV Ba\u015fkan\u0131 Dr. Hayrettin Karc\u0131 MEB ile i\u015fbirli\u011fi Protokol\u00fc imzalad\u0131lar. ESO Ba\u015fkan\u0131 Sn. Sava\u015f \u00d6zaydemir Turun\u00e7 Otel&#8217;de, etkinli\u011fin evsahibi olarak yapt\u0131\u011f\u0131 konu\u015fmada, sanayicilerin programla olan i\u015fbirliklerinin \u00f6nemine de\u011findi.<br \/>Programda \u00f6\u011fretmenler g\u00fcncel bilgilerle bir s\u00fcre e\u011fitilmi\u015flerdir. Makine ve elektrik b\u00f6l\u00fcmlerinden 60 \u00f6\u011frencinin staj i\u00e7in firmalara yerle\u015ftirilece\u011fi duyurulmu\u015ftur. . Bu program\u0131n sanayicilerin i\u015fbirli\u011finde g\u00fcncellenerek devam ettirilmesi gere\u011fi FESTO Y\u00f6netim Kurulu Ba\u015fkan\u0131 ve TEGEV Kurucu \u00dcyesi Sn. Otto Bauer taraf\u0131ndan dile getirildi.<br \/>TEGEV Ba\u015fkan\u0131 Dr. Hayrettin Karc\u0131 taraf\u0131ndan anlat\u0131lan, \u201c\u00f6\u011frencilerin end\u00fcstri \u00e7al\u0131\u015fmalar\u0131n\u0131n 10. s\u0131n\u0131fta ba\u015flamas\u0131, mesleki matematik ve mesleki fizik derslerinin konulmas\u0131, do\u011fa bilimleri derslerinin mesle\u011fi destekler hale getirilmesi\u201d Bakanl\u0131k&#8217;a sunulan m\u00fcfredat konusundaki birka\u00e7 iyile\u015ftirme \u00f6nerisidir.<br \/>Ayr\u0131ca ESG\u0130P\u2019in ilgili b\u00fct\u00fcn payda\u015flar taraf\u0131ndan olu\u015fturulan bir k\u00fcme (cluster) olaca\u011f\u0131 ve bu konudaki resmi stat\u00fc giri\u015fimi de davetlilere sunuldu.<a href=\"http:\/\/www.esgip.net\">www.esgip.net<\/a><\/span><\/p>\n<p style=\"text-align: justify;\"><hr class=\"progression-hr\"><\/hr><\/p>\n<p style=\"text-align: justify;\"><strong>RAYLI S\u0130STEMLER K\u00dcMELENMES\u0130 GENEL KURULU YAPILDI<\/strong><\/p>\n<p style=\"text-align: justify;\">Eski\u015fehir\u2019in ve b\u00f6lgenin \u00f6nemli rayl\u0131 sistemler sekt\u00f6r\u00fcndeki \u015firket, kurum ve kurulu\u015flar\u0131n\u0131n b\u00fcnyesinde yer ald\u0131\u011f\u0131 Rayl\u0131 Sistemler K\u00fcmelenmesi Derne\u011fi\u2019nin (RSC) ola\u011fan genel kurulu 20 May\u0131s 2015 \u00c7ar\u015famba g\u00fcn\u00fc Eski\u015fehir Sanayi Odas\u0131 (ESO) Meclis Salonu\u2019nda ger\u00e7ekle\u015ftirildi. Divan ba\u015fkanl\u0131\u011f\u0131n\u0131 ESO Y\u00f6netim Kurulu Ba\u015fkan\u0131 Sava\u015f M. \u00d6zaydemir\u2019in yapt\u0131\u011f\u0131 genel kurulda ge\u00e7mi\u015f d\u00f6neme ait faaliyetlerin de\u011ferlendirilmesi yan\u0131nda yeni d\u00f6nemde yap\u0131lacak \u00e7al\u0131\u015fmalar konusunda g\u00f6r\u00fc\u015fmeler yap\u0131ld\u0131 ve kararlar al\u0131nd\u0131<a title=\"RAYLI S\u0130STEMLER K\u00dcMELENMES\u0130 GENEL KURULU YAPILDI\" href=\"http:\/\/www.rsc.org.tr\/indextr\/index.php\/rayli-sistemler-kumelenmesi-genel-kurulu-yapildi\/\"> Devam\u0131 i\u00e7in&#8230;<\/a><\/p>\n<p style=\"text-align: justify;\">\u00a0<hr class=\"progression-hr\"><\/hr><\/p>\n<p style=\"text-align: justify;\"><strong>Rayl\u0131 Sistemler K\u00fcmelenmesi yeni ofisine ta\u015f\u0131nd\u0131.<\/strong><\/p>\n<p style=\"text-align: justify;\">Rayl\u0131 Sistemler K\u00fcmelenmesi, Eski\u015fehir Havac\u0131l\u0131k K\u00fcmelenmesi ile birlikte ortak kullanacaklar\u0131 yeni ofislerinin a\u00e7\u0131l\u0131\u015f\u0131n\u0131 ger\u00e7ekle\u015ftirdi.<\/p>\n<p style=\"text-align: justify;\">Eski\u015fehir Valisi G\u00fcng\u00f6r Azim Tuna\u2019n\u0131n ger\u00e7ekle\u015ftirdi\u011fi a\u00e7\u0131l\u0131\u015f t\u00f6reninde, Eski\u015fehir Sanayi Odas\u0131 Ba\u015fkan\u0131 Sava\u015f \u00d6zaydemir\u2019in e\u015fli\u011finde Rayl\u0131 Sistemler K\u00fcmelenmesi ile Eski\u015fehir Havac\u0131l\u0131k K\u00fcmelenmesi Y\u00f6netim Kurulu \u00fcyeleri ve BEBKA genel sekreteri Tamer De\u011firmenci haz\u0131r bulundular. <a title=\"RSC Ofis A\u00e7\u0131l\u0131\u015f\u0131\" href=\"http:\/\/www.rsc.org.tr\/indextr\/index.php\/rsc-ofis-acilisi\/\">Devam\u0131&#8230;<\/a><\/p>\n<hr class=\"progression-hr\"><\/hr>\n<p style=\"text-align: justify;\"><strong>RSK EurasiaRail 2015&#8217;te her sene oldu\u011fu gibi bu sene de stand ald\u0131.<\/strong><\/p>\n<p style=\"text-align: justify;\">Rayl\u0131 Sistemler K\u00fcmelenmesi, Eurasiarail (Avrasya) 5. Uluslar Aras\u0131 Demiryolu Hafif Rayl\u0131 Sistemler Altyap\u0131 ve Lojistik Fuar\u0131\u2019nda bu sene de stand ald\u0131.3 ayr\u0131 salonda ger\u00e7ekle\u015ftrilen fuar etkinli\u011fi geni\u015f \u00e7apl\u0131 b\u00fcy\u00fck demiryolu \u00fcreticisi \u015firketlerinin kat\u0131l\u0131m\u0131yla 5-7 Mart tarihlerinde 3 g\u00fcn boyunca s\u00fcrd\u00fc. Alstom, Siemens, Bombardier, CAF gibi uluslar aras\u0131 firmalar\u0131n b\u00fcy\u00fck standlarla yer ald\u0131\u011f\u0131 fuarda Rayl\u0131 Sistemler K\u00fcmelenmesi \u00fcyeleri de b\u00fcy\u00fck standlar\u0131yla yer ald\u0131lar. \u00dcyelerden Savronik, Hisarlar, Medel, Safkar, Das Lager, Endel-Bekel ve Sirena Marine bu sene temsil edildiler.<\/p>\n<p style=\"text-align: justify;\"><hr class=\"progression-hr\"><\/hr><\/p>\n<p style=\"text-align: justify;\"><strong>Yenilenen Aray\u00fcz\u00fcyle www.rsc.org.tr Yay\u0131nda<\/strong><br \/>Yenilenen ara y\u00fcz\u00fcyle web sitemiz Eski\u015fehir Rayl\u0131 Sistemler K\u00fcmelenmesinin yeni g\u00f6r\u00fcn\u00fcm\u00fcn\u00fc olu\u015fturuyor. Yak\u0131n zamanda \u00fcyelerimizin kullan\u0131m\u0131na a\u00e7\u0131lacak E-Sat\u0131n Alma Portali ile sat\u0131n alma i\u015flemlerinizi portal\u0131m\u0131z \u00fczerinden yapabileceksiniz. Ayr\u0131ca Proje Portal\u0131ndan da Proje ortaklar\u0131n\u0131z\u0131 bulabileceksiniz.<\/p>\n<hr \/>\n<p style=\"text-align: justify;\"><span style=\"color: #ffffff;\">\u00a0<\/span><\/p>\n<p style=\"text-align: justify;\"><strong>Rayl\u0131 Sistemler K\u00fcmelenmesi \u0130htiya\u00e7 Analizi Sonu\u00e7 Toplant\u0131s\u0131 Eski\u015fehir Sanayi Odas\u0131\u2019nda Yap\u0131ld\u0131<\/strong><\/p>\n<p style=\"text-align: justify;\"><a title=\"RAYLI S\u0130STEMLER K\u00dcMELENMES\u0130 \u0130HT\u0130YA\u00c7 ANAL\u0130Z\u0130 SONU\u00c7 TOPLANTISI\" href=\"http:\/\/www.rsc.org.tr\/indextr\/index.php\/rayli-sistemler-kumelenmesi-ihtiyac-analizi-sonuc-toplantisi\/\">Eski\u015fehir Rayl\u0131 Sistemler K\u00fcmelenmesi, Ekonomi Bakanl\u0131\u011f\u0131 Uluslararas\u0131 Rekabeti Geli\u015ftirme Deste\u011fi kapsam\u0131nda d\u00e2hil oldu\u011fu projede \u0130htiya\u00e7 Analizi \u00e7al\u0131\u015fmas\u0131n\u0131 tamamlad\u0131. 6 Haziran 2014 Cuma g\u00fcn\u00fc Eski\u015fehir Sanayi Odas\u0131\u2019nda toplanan proje payda\u015f\u0131 RSK \u00fcyeleri, T\u00fcrkiye Teknoloji Geli\u015ftirme Vakf\u0131 ile birlikte y\u00fcr\u00fct\u00fclen ihtiya\u00e7 analizi \u00e7al\u0131\u015fmas\u0131n\u0131n sonu\u00e7lar\u0131n\u0131 payla\u015ft\u0131lar.<\/a><\/p>\n<hr \/>\n<p style=\"text-align: justify;\"><span style=\"color: #ffffff;\">\u00a0<\/span><\/p>\n<p style=\"text-align: justify;\"><strong>Rayl\u0131 Sistemler K\u00fcmesi H\u0131zl\u0131 Trenin Alt Yap\u0131s\u0131 Oldu\u00a0<\/strong><\/p>\n<p style=\"text-align: justify;\">Eski\u015fehir Sanayi Odas\u0131 Ba\u015fkan\u0131 Sava\u015f \u00d6zaydemir, \u201d\u0130limizde sanayi sekt\u00f6r\u00fcn\u00fcn geli\u015fmesinde kilit rol oynayan rayl\u0131 sistemler sanayisinin, \u00fclkemizin s\u00fcratle geli\u015fen h\u0131zl\u0131 tren yat\u0131r\u0131mlar\u0131 ve benzer yat\u0131r\u0131m projelerinden daha fazla pay almas\u0131nda k\u00fcmenin b\u00fcy\u00fck katk\u0131s\u0131 olacak.\u201d dedi.<\/p>\n<hr \/>\n<p style=\"text-align: justify;\"><strong>Eski\u015fehir&#8217;de Hedef Rayl\u0131 Sistemlerde Uluslararas\u0131 Merkez Olmak\u00a0<\/strong><\/p>\n<p style=\"text-align: justify;\">Eski\u015fehir Sanayi Odas\u0131 (ESO) \u00f6nc\u00fcl\u00fc\u011f\u00fcnde kurulan Rayl\u0131 Sistemler K\u00fcmesi ola\u011fan Genel Kurulu\u2019nu ger\u00e7ekle\u015ftirdi. ESO Meclis Salonu\u2019nda ger\u00e7ekle\u015ftirilen toplant\u0131da k\u00fcmenin bug\u00fcne kadar ger\u00e7ekle\u015ftirdikleri ve ileriye d\u00f6n\u00fck olarak yap\u0131lacaklar mercek alt\u0131na al\u0131nd\u0131.<\/p>\n<hr \/>\n<p style=\"text-align: justify;\"><span style=\"color: #ffffff;\">\u00a0<\/span><\/p>\n<p><span style=\"color: #ffffff;\">\u00a0<\/span><\/p>\n<p><span style=\"color: #ffffff;\">\u00a0<\/span><\/p>\n\n\n<h2 class=\"wp-block-heading\"><\/h2>\n","protected":false},"excerpt":{"rendered":"<p>T\u00fcrkiye, Avrupa\u2019ya 75 bin vagon ihra\u00e7 edebilir Demiryolu sekt\u00f6r\u00fcnde son 10 y\u0131lda y\u00fczde 100\u2019l\u00fck b\u00fcy\u00fcmeye ula\u015f\u0131ld\u0131\u011f\u0131n\u0131 a\u00e7\u0131klayan Eski\u015fehir Rayl\u0131 Sistemler K\u00fcmelenmesi Y\u00f6netim Kurulu Ba\u015fkan\u0131 Ramazan Yanar, T\u00fcrkiye\u2019nin 5 y\u0131l i\u00e7inde Avrupa\u2019n\u0131n demiryolu ara\u00e7lar\u0131 i\u00e7in \u00fcretim \u00fcss\u00fc olaca\u011f\u0131n\u0131 s\u00f6yledi. Yanar, Ukrayna-Rusya sava\u015f\u0131 sonras\u0131nda demiryolu Devam\u0131 \u0130\u00e7in&#8230; Rayl\u0131 Sistemler K\u00fcmelenmesi Geni\u015fletilmi\u015f Y\u00f6netim Kurulu Toplant\u0131s\u0131 Ger\u00e7ekle\u015ftirildi. 23.11.2022 \u00c7ar\u015famba [&hellip;]<\/p>\n","protected":false},"author":1,"featured_media":0,"parent":0,"menu_order":0,"comment_status":"closed","ping_status":"closed","template":"homepage.php","meta":{"footnotes":""},"class_list":["post-240","page","type-page","status-publish","hentry"],"_links":{"self":[{"href":"http:\/\/www.rsc.org.tr\/indextr\/index.php\/wp-json\/wp\/v2\/pages\/240","targetHints":{"allow":["GET"]}}],"collection":[{"href":"http:\/\/www.rsc.org.tr\/indextr\/index.php\/wp-json\/wp\/v2\/pages"}],"about":[{"href":"http:\/\/www.rsc.org.tr\/indextr\/index.php\/wp-json\/wp\/v2\/types\/page"}],"author":[{"embeddable":true,"href":"http:\/\/www.rsc.org.tr\/indextr\/index.php\/wp-json\/wp\/v2\/users\/1"}],"replies":[{"embeddable":true,"href":"http:\/\/www.rsc.org.tr\/indextr\/index.php\/wp-json\/wp\/v2\/comments?post=240"}],"version-history":[{"count":46,"href":"http:\/\/www.rsc.org.tr\/indextr\/index.php\/wp-json\/wp\/v2\/pages\/240\/revisions"}],"predecessor-version":[{"id":1183,"href":"http:\/\/www.rsc.org.tr\/indextr\/index.php\/wp-json\/wp\/v2\/pages\/240\/revisions\/1183"}],"wp:attachment":[{"href":"http:\/\/www.rsc.org.tr\/indextr\/index.php\/wp-json\/wp\/v2\/media?parent=240"}],"curies":[{"name":"wp","href":"https:\/\/api.w.org\/{rel}","templated":true}]}}