{"id":203,"date":"2014-06-25T11:32:20","date_gmt":"2014-06-25T08:32:20","guid":{"rendered":"http:\/\/www.rsc.org.tr\/indextr\/?page_id=203"},"modified":"2016-06-08T16:00:40","modified_gmt":"2016-06-08T13:00:40","slug":"aktiviteler","status":"publish","type":"page","link":"http:\/\/www.rsc.org.tr\/indextr\/index.php\/aktiviteler\/","title":{"rendered":"ETK\u0130NL\u0130K TAKV\u0130M\u0130"},"content":{"rendered":"<p>&nbsp;<\/p>\n<p>&nbsp;<\/p>\n<p><span style=\"color: #ffffff;\">\u00a0<\/span><\/p>\n<p><span style=\"color: #ffffff;\">\u00a0KAYIT \u0130\u00c7\u0130N: rsc\u00e7.<\/span><\/p>\n<p><span style=\"color: #ffffff;\">\u00a0<\/span><\/p>\n<p><span style=\"color: #ffffff;\">\u00a0<\/span><\/p>\n<p><strong><style>.cat1,.cat1 .fc-event-skin,.fc-agenda .cat1,a.cat1,a.cat1:active,a.cat1:visited{color:#000000 !important;background-color:#fcdde8 !important;border-color:#fcdde8 !important}\na.cat1:hover{-moz-box-shadow:0 0 2px #000;-webkit-box-shadow:0 0 2px #000;box-shadow:0 0 2px #000;color:#000000 !important;background-color:#fcdde8 !important;border-color:#000000 !important}\n.cat2,.cat2 .fc-event-skin,.fc-agenda .cat2,a.cat2,a.cat2:active,a.cat2:visited{color:#000000 !important;background-color:#fad5d5 !important;border-color:#fad5d5 !important}\na.cat2:hover{-moz-box-shadow:0 0 2px #000;-webkit-box-shadow:0 0 2px #000;box-shadow:0 0 2px #000;color:#000000 !important;background-color:#fad5d5 !important;border-color:#000000 !important}\n.cat3,.cat3 .fc-event-skin,.fc-agenda .cat3,a.cat3,a.cat3:active,a.cat3:visited{color:#000000 !important;background-color:#fce8eb !important;border-color:#fce8eb !important}\na.cat3:hover{-moz-box-shadow:0 0 2px #000;-webkit-box-shadow:0 0 2px #000;box-shadow:0 0 2px #000;color:#000000 !important;background-color:#fce8eb !important;border-color:#000000 !important}\n<\/style><script type='text\/javascript'>\nvar shortcode = {\ncategories: '0',\nexcluded: 0,\nfilter: 'all',\nview: 'month',\nmonth: 3,\nyear: 2026,\nviews: 'month,agendaWeek',\nnav: 'prev,next, today',\nheight: '',\nscroll: 0,\nmini: 0\n};\n<\/script>\n<div id='aec-container'>\n<div id='aec-header'>\n<ul id='aec-filter'>\n<li>Show Type<\/li>\n<li class=\"active\"><a class=\"round5 all\">All<\/a><\/li>\n<li><a class=\"round5 cat1\">Etkinlik<\/a><\/li>\n<li><a class=\"round5 cat2\">Aktivite<\/a><\/li>\n<li><a class=\"round5 cat3\">Duyuru<\/a><\/li>\n<\/ul>\n<\/div>\n<div id='aec-calendar'><\/div>\n<span class='aec-credit'>AEC v1.0.4<\/span>\n<\/div>\n<\/strong><\/p>\n","protected":false},"excerpt":{"rendered":"<p>&nbsp; &nbsp; \u00a0 \u00a0KAYIT \u0130\u00c7\u0130N: rsc\u00e7. \u00a0 \u00a0<\/p>\n","protected":false},"author":1,"featured_media":0,"parent":0,"menu_order":0,"comment_status":"closed","ping_status":"closed","template":"page-full-width.php","meta":{"footnotes":""},"class_list":["post-203","page","type-page","status-publish","hentry"],"_links":{"self":[{"href":"http:\/\/www.rsc.org.tr\/indextr\/index.php\/wp-json\/wp\/v2\/pages\/203","targetHints":{"allow":["GET"]}}],"collection":[{"href":"http:\/\/www.rsc.org.tr\/indextr\/index.php\/wp-json\/wp\/v2\/pages"}],"about":[{"href":"http:\/\/www.rsc.org.tr\/indextr\/index.php\/wp-json\/wp\/v2\/types\/page"}],"author":[{"embeddable":true,"href":"http:\/\/www.rsc.org.tr\/indextr\/index.php\/wp-json\/wp\/v2\/users\/1"}],"replies":[{"embeddable":true,"href":"http:\/\/www.rsc.org.tr\/indextr\/index.php\/wp-json\/wp\/v2\/comments?post=203"}],"version-history":[{"count":10,"href":"http:\/\/www.rsc.org.tr\/indextr\/index.php\/wp-json\/wp\/v2\/pages\/203\/revisions"}],"predecessor-version":[{"id":1067,"href":"http:\/\/www.rsc.org.tr\/indextr\/index.php\/wp-json\/wp\/v2\/pages\/203\/revisions\/1067"}],"wp:attachment":[{"href":"http:\/\/www.rsc.org.tr\/indextr\/index.php\/wp-json\/wp\/v2\/media?parent=203"}],"curies":[{"name":"wp","href":"https:\/\/api.w.org\/{rel}","templated":true}]}}