{"id":197,"date":"2014-06-25T11:30:55","date_gmt":"2014-06-25T08:30:55","guid":{"rendered":"http:\/\/www.rsc.org.tr\/indextr\/?page_id=197"},"modified":"2014-07-02T15:41:43","modified_gmt":"2014-07-02T12:41:43","slug":"akar-makina-san-ve-tic-ltd-sti","status":"publish","type":"page","link":"http:\/\/www.rsc.org.tr\/indextr\/index.php\/akar-makina-san-ve-tic-ltd-sti\/","title":{"rendered":"AKAR MAK\u0130NA SAN. ve T\u0130C. LTD. \u015eT\u0130."},"content":{"rendered":"<p><span style=\"color:#ffffff;\">&nbsp;<span><br \/>\n<img loading=\"lazy\" decoding=\"async\" class=\"size-full wp-image-247 aligncenter\" title=\"akar_fabrika\" src=\"http:\/\/www.rsc.org.tr\/indextr\/wp-content\/uploads\/akar_fabrika.png\" alt=\"\" width=\"646\" height=\"275\" srcset=\"http:\/\/www.rsc.org.tr\/indextr\/wp-content\/uploads\/akar_fabrika.png 646w, http:\/\/www.rsc.org.tr\/indextr\/wp-content\/uploads\/akar_fabrika-300x127.png 300w, http:\/\/www.rsc.org.tr\/indextr\/wp-content\/uploads\/akar_fabrika-600x255.png 600w\" sizes=\"auto, (max-width: 646px) 100vw, 646px\" \/><\/p>\n<p><span style=\"color:#ffffff;\">&nbsp;<span><\/p>\n<p>1990 y\u0131l\u0131nda kurulmu\u015f olan Akar Makina, Demir \u00c7elik End\u00fcstrisi ve Lastik Kaplama Sanayisi i\u00e7in makinalar \u00fcretmekte ayr\u0131ca farkl\u0131 end\u00fcstri kollar\u0131na otoklav ve bas\u0131n\u00e7l\u0131 ekipman imalat\u0131 yapmaktad\u0131r.<\/p>\n<p>Akar, uzun y\u0131llara dayanan tecr\u00fcbesi ile Demir \u00c7elik End\u00fcstrisi i\u00e7in katma de\u011feri y\u00fcksek, proje bazl\u0131 y\u00fcksek hacimli imalatlar yapmaktad\u0131r. T\u00fcrkiye ve yurtd\u0131\u015f\u0131nda faaliyet g\u00f6steren m\u00fc\u015fterilerimizin yat\u0131r\u0131m projelerinde ve genel ekipman tedari\u011finde aktif bir bi\u00e7imde yer almaktad\u0131r. M\u00fc\u015fterileri bilinen yerel ve uluslararas\u0131 \u00e7elik \u00fcreticileri ve ayn\u0131 zamanda anahtar teslim tesis sa\u011flayan \u015firketler ve m\u00fchendislik firmalar\u0131d\u0131r. Akar\u2019\u0131n faaliyet g\u00f6sterdi\u011fi di\u011fer bir alan ise Lastik Kaplama End\u00fcstrisi&#8217;nde kullan\u0131lan makina\/ekipmanlar\u0131n \u00fcretimidir. Akar&#8217;\u0131n \u00fcr\u00fcn portfoy\u00fcnde, Kamyon ve OTR Lastik Kaplama Tesislerinde kullan\u0131lan t\u00fcm ekipmanlar yer almaktad\u0131r.<\/p>\n<p>Firma, T\u00fcrkiye pazar\u0131nda sekt\u00f6rde lider konumda bulunmakta ve \u00fcr\u00fcnlerinin \u00f6nemli bir k\u0131sm\u0131n\u0131 da yurtd\u0131\u015f\u0131na ihra\u00e7 etmektedir. OTR grubunda, \u00fcr\u00fcn portf\u00f6y\u00fcm\u00fcz 25\u2019\u2019 ile 63\u2019\u2019 aras\u0131 lastikleri kapsamaktad\u0131r. Otoklavlar ve y\u00fcksek performansl\u0131 CNC Kontroll\u00fc Raspalar da \u00fcr\u00fcn portf\u00f6ylerinde yer almaktad\u0131r.<\/p>\n<p>Akar, ayr\u0131ca otoklavlar, cam laminasyonu, kompozit malzemeler, lastik kaplama \/ vulkanizasyon, yap\u0131 malzemeleri, g\u0131da sekt\u00f6r\u00fc ve sterilizasyon alanlar\u0131nda tecr\u00fcbeye sahiptir.<\/p>\n<p><span style=\"color:#ffffff;\">&nbsp;<span><\/p>\n<p><strong>Daha fazla bilgi i\u00e7in <a href=\"http:\/\/www.akarmak.com.tr\/\">www.akarmak.com.tr<\/a><\/strong><\/p>\n","protected":false},"excerpt":{"rendered":"<p>&nbsp; &nbsp; 1990 y\u0131l\u0131nda kurulmu\u015f olan Akar Makina, Demir \u00c7elik End\u00fcstrisi ve Lastik Kaplama Sanayisi i\u00e7in makinalar \u00fcretmekte ayr\u0131ca farkl\u0131 end\u00fcstri kollar\u0131na otoklav ve bas\u0131n\u00e7l\u0131 ekipman imalat\u0131 yapmaktad\u0131r. Akar, uzun y\u0131llara dayanan tecr\u00fcbesi ile Demir \u00c7elik End\u00fcstrisi i\u00e7in katma de\u011feri y\u00fcksek, proje bazl\u0131 y\u00fcksek hacimli imalatlar yapmaktad\u0131r. T\u00fcrkiye ve yurtd\u0131\u015f\u0131nda faaliyet g\u00f6steren m\u00fc\u015fterilerimizin yat\u0131r\u0131m projelerinde [&hellip;]<\/p>\n","protected":false},"author":1,"featured_media":0,"parent":0,"menu_order":0,"comment_status":"closed","ping_status":"closed","template":"page-full-width.php","meta":{"footnotes":""},"class_list":["post-197","page","type-page","status-publish","hentry"],"_links":{"self":[{"href":"http:\/\/www.rsc.org.tr\/indextr\/index.php\/wp-json\/wp\/v2\/pages\/197","targetHints":{"allow":["GET"]}}],"collection":[{"href":"http:\/\/www.rsc.org.tr\/indextr\/index.php\/wp-json\/wp\/v2\/pages"}],"about":[{"href":"http:\/\/www.rsc.org.tr\/indextr\/index.php\/wp-json\/wp\/v2\/types\/page"}],"author":[{"embeddable":true,"href":"http:\/\/www.rsc.org.tr\/indextr\/index.php\/wp-json\/wp\/v2\/users\/1"}],"replies":[{"embeddable":true,"href":"http:\/\/www.rsc.org.tr\/indextr\/index.php\/wp-json\/wp\/v2\/comments?post=197"}],"version-history":[{"count":10,"href":"http:\/\/www.rsc.org.tr\/indextr\/index.php\/wp-json\/wp\/v2\/pages\/197\/revisions"}],"predecessor-version":[{"id":248,"href":"http:\/\/www.rsc.org.tr\/indextr\/index.php\/wp-json\/wp\/v2\/pages\/197\/revisions\/248"}],"wp:attachment":[{"href":"http:\/\/www.rsc.org.tr\/indextr\/index.php\/wp-json\/wp\/v2\/media?parent=197"}],"curies":[{"name":"wp","href":"https:\/\/api.w.org\/{rel}","templated":true}]}}