{"id":178,"date":"2014-06-25T11:17:26","date_gmt":"2014-06-25T08:17:26","guid":{"rendered":"http:\/\/www.rsc.org.tr\/indextr\/?page_id=178"},"modified":"2020-07-17T16:58:44","modified_gmt":"2020-07-17T13:58:44","slug":"yonetim-kurulu","status":"publish","type":"page","link":"http:\/\/www.rsc.org.tr\/indextr\/index.php\/yonetim-kurulu\/","title":{"rendered":"Y\u00d6NET\u0130M KURULU"},"content":{"rendered":"<p style=\"text-align: center;\"><strong>RSC Y\u00d6NET\u0130M KURULU<\/strong><\/p>\n<p><span style=\"color: #ffffff;\">\u00a0<\/span><\/p>\n<p style=\"text-align: center;\"><strong>Ba\u015fkan<\/strong><br \/>\nRAMAZAN YANAR (ESRAY MAK\u0130NE)<\/p>\n<p><span style=\"color: #ffffff;\">\u00a0<\/span><\/p>\n<p style=\"text-align: center;\"><strong>Ba\u015fkan\u00a0Yard\u0131ms\u0131c\u0131<\/strong><br \/>\nKENAN I\u015eIK\u00a0(ICI TEKNOLOJ\u0130)<\/p>\n<p><span style=\"color: #ffffff;\">\u00a0<\/span><\/p>\n<p style=\"text-align: center;\"><strong>Sayman<\/strong><br \/>\nSinan MUSUBEYL\u0130 (EJS TURBO MAK\u0130NE)<\/p>\n<p><span style=\"color: #ffffff;\">\u00a0<\/span><\/p>\n<p style=\"text-align: center;\"><strong>\u00dcyeler<\/strong><br \/>\nSEMAV\u0130 B\u0130LG\u0130\u00c7\u00a0(T\u00dcLOMSA\u015e)<br \/>\nProf. Dr. AL\u0130 SAVA\u015e KOPARAL (ANADOLU \u00dcN\u0130VERS\u0130TES\u0130)<br \/>\nProf. Dr. AHMET \u00c7ABUK (OSMANGAZ\u0130 \u00dcN\u0130VERS\u0130TES\u0130)<br \/>\nProf. Dr. MUSTAFA \u015eENYEL (ESK\u0130\u015eEH\u0130R TEKN\u0130K \u00dcN\u0130VERS\u0130TES\u0130)<br \/>\nG\u00dcRHAN ALBAYRAK (ALBAYRAK MAK\u0130NE)<br \/>\nAL\u0130 \u0130HSAN KARAMANLI (ATAP A.\u015e.)<\/p>\n<p><span style=\"color: #ffffff;\">\u00a0<\/span><\/p>\n<p><em><strong><em><strong><a title=\"HAKKIMIZDA\" href=\"http:\/\/www.rsc.org.tr\/indextr\/index.php\/hakkimizda\/\">HAKKIMIZDA<\/a> &gt;&gt; <a title=\"KURULU\u015e\" href=\"http:\/\/www.rsc.org.tr\/indextr\/index.php\/kurulus\/\">KURULU\u015e<\/a> &gt;&gt; <a title=\"DENET\u0130M KURULU\" href=\"http:\/\/www.rsc.org.tr\/indextr\/index.php\/denetim-kurulu\/\">DENET\u0130M KURULU<\/a> &gt;&gt; <a title=\"ORGAN\u0130ZASYON\" href=\"http:\/\/www.rsc.org.tr\/indextr\/index.php\/organizasyon\/\">ORGAN\u0130ZASYON<\/a> &gt;&gt; <a title=\"\u00c7ALI\u015eMA KURULLARI\" href=\"http:\/\/www.rsc.org.tr\/indextr\/index.php\/calisma-kurullari\/\">\u00c7ALI\u015eMA KURULLARI<\/a> &gt;&gt; <a title=\"NASIL \u00dcYE OLUNUR?\" href=\"http:\/\/www.rsc.org.tr\/indextr\/index.php\/nasil-uye-olunur\/\">\u00dcYEL\u0130K \u0130\u015eLEMLER\u0130 <\/a>&gt;&gt; <a title=\"ET\u0130K KURALLAR\" href=\"http:\/\/www.rsc.org.tr\/indextr\/index.php\/uyelik-kurallari\/\">ET\u0130K KURALLAR<\/a><\/strong><\/em><\/strong><\/em><\/p>\n","protected":false},"excerpt":{"rendered":"<p>RSC Y\u00d6NET\u0130M KURULU \u00a0 Ba\u015fkan RAMAZAN YANAR (ESRAY MAK\u0130NE) \u00a0 Ba\u015fkan\u00a0Yard\u0131ms\u0131c\u0131 KENAN I\u015eIK\u00a0(ICI TEKNOLOJ\u0130) \u00a0 Sayman Sinan MUSUBEYL\u0130 (EJS TURBO MAK\u0130NE) \u00a0 \u00dcyeler SEMAV\u0130 B\u0130LG\u0130\u00c7\u00a0(T\u00dcLOMSA\u015e) Prof. Dr. AL\u0130 SAVA\u015e KOPARAL (ANADOLU \u00dcN\u0130VERS\u0130TES\u0130) Prof. Dr. AHMET \u00c7ABUK (OSMANGAZ\u0130 \u00dcN\u0130VERS\u0130TES\u0130) Prof. Dr. MUSTAFA \u015eENYEL (ESK\u0130\u015eEH\u0130R TEKN\u0130K \u00dcN\u0130VERS\u0130TES\u0130) G\u00dcRHAN ALBAYRAK (ALBAYRAK MAK\u0130NE) AL\u0130 \u0130HSAN KARAMANLI (ATAP A.\u015e.) \u00a0 [&hellip;]<\/p>\n","protected":false},"author":1,"featured_media":0,"parent":0,"menu_order":0,"comment_status":"closed","ping_status":"closed","template":"page-full-width.php","meta":{"footnotes":""},"class_list":["post-178","page","type-page","status-publish","hentry"],"_links":{"self":[{"href":"http:\/\/www.rsc.org.tr\/indextr\/index.php\/wp-json\/wp\/v2\/pages\/178","targetHints":{"allow":["GET"]}}],"collection":[{"href":"http:\/\/www.rsc.org.tr\/indextr\/index.php\/wp-json\/wp\/v2\/pages"}],"about":[{"href":"http:\/\/www.rsc.org.tr\/indextr\/index.php\/wp-json\/wp\/v2\/types\/page"}],"author":[{"embeddable":true,"href":"http:\/\/www.rsc.org.tr\/indextr\/index.php\/wp-json\/wp\/v2\/users\/1"}],"replies":[{"embeddable":true,"href":"http:\/\/www.rsc.org.tr\/indextr\/index.php\/wp-json\/wp\/v2\/comments?post=178"}],"version-history":[{"count":15,"href":"http:\/\/www.rsc.org.tr\/indextr\/index.php\/wp-json\/wp\/v2\/pages\/178\/revisions"}],"predecessor-version":[{"id":1088,"href":"http:\/\/www.rsc.org.tr\/indextr\/index.php\/wp-json\/wp\/v2\/pages\/178\/revisions\/1088"}],"wp:attachment":[{"href":"http:\/\/www.rsc.org.tr\/indextr\/index.php\/wp-json\/wp\/v2\/media?parent=178"}],"curies":[{"name":"wp","href":"https:\/\/api.w.org\/{rel}","templated":true}]}}