{"id":1112,"date":"2020-08-12T12:01:30","date_gmt":"2020-08-12T09:01:30","guid":{"rendered":"http:\/\/www.rsc.org.tr\/indextr\/?page_id=1112"},"modified":"2020-08-12T12:01:30","modified_gmt":"2020-08-12T09:01:30","slug":"eskisehir-osmangazi-universitesine-ziyaret","status":"publish","type":"page","link":"http:\/\/www.rsc.org.tr\/indextr\/index.php\/eskisehir-osmangazi-universitesine-ziyaret\/","title":{"rendered":"ESK\u0130\u015eEH\u0130R OSMANGAZ\u0130 \u00dcN\u0130VERS\u0130TES\u0130&#8217;NE Z\u0130YARET"},"content":{"rendered":"<p style=\"text-align: justify;\">\n<p style=\"text-align: justify;\"><a href=\"http:\/\/www.rsc.org.tr\/indextr\/wp-content\/uploads\/thumbnail_DSC_3484.jpg\"><img loading=\"lazy\" decoding=\"async\" class=\"aligncenter wp-image-1114 size-full\" src=\"http:\/\/www.rsc.org.tr\/indextr\/wp-content\/uploads\/thumbnail_DSC_3484.jpg\" alt=\"thumbnail_DSC_3484\" width=\"1280\" height=\"853\" srcset=\"http:\/\/www.rsc.org.tr\/indextr\/wp-content\/uploads\/thumbnail_DSC_3484.jpg 1280w, http:\/\/www.rsc.org.tr\/indextr\/wp-content\/uploads\/thumbnail_DSC_3484-300x199.jpg 300w, http:\/\/www.rsc.org.tr\/indextr\/wp-content\/uploads\/thumbnail_DSC_3484-1024x682.jpg 1024w, http:\/\/www.rsc.org.tr\/indextr\/wp-content\/uploads\/thumbnail_DSC_3484-600x399.jpg 600w, http:\/\/www.rsc.org.tr\/indextr\/wp-content\/uploads\/thumbnail_DSC_3484-1140x759.jpg 1140w\" sizes=\"auto, (max-width: 1280px) 100vw, 1280px\" \/><\/a><\/p>\n<p style=\"text-align: justify;\">Rayl\u0131 Sistemler K\u00fcmelenmesi Y\u00f6netim Kurulu \u00dcyelerimiz 06 A\u011fustos 2020 Per\u015fembe g\u00fcn\u00fc Eski\u015fehir Osmangazi \u00dcniversitesi Rekt\u00f6r\u00fc Prof. Dr. Kemal \u015eenocak&#8217;\u0131 makam\u0131nda ziyaret etmi\u015ftir. Ziyarette Rekt\u00f6r Yard\u0131mc\u0131s\u0131 Prof. Dr. Rifat Edizkan da haz\u0131r bulunmu\u015ftur. Osmangazi \u00dcniversitesi ile Rayl\u0131 Sistemler K\u00fcmelenmesi Derne\u011fi&#8217;nin i\u015fbirli\u011fi yapabilecekleri alanlar hakk\u0131nda g\u00f6r\u00fc\u015f al\u0131\u015fveri\u015finde bulunulan ziyarette ayr\u0131ca, Dernek Y\u00f6netim Kurulu \u00dcyeleri Rekt\u00f6r Prof. Dr. Kemal \u015eenocak&#8217;a derne\u011fin faaliyetleri hakk\u0131nda bilgileri vermi\u015ftir.<\/p>\n","protected":false},"excerpt":{"rendered":"<p>Rayl\u0131 Sistemler K\u00fcmelenmesi Y\u00f6netim Kurulu \u00dcyelerimiz 06 A\u011fustos 2020 Per\u015fembe g\u00fcn\u00fc Eski\u015fehir Osmangazi \u00dcniversitesi Rekt\u00f6r\u00fc Prof. Dr. Kemal \u015eenocak&#8217;\u0131 makam\u0131nda ziyaret etmi\u015ftir. Ziyarette Rekt\u00f6r Yard\u0131mc\u0131s\u0131 Prof. Dr. Rifat Edizkan da haz\u0131r bulunmu\u015ftur. Osmangazi \u00dcniversitesi ile Rayl\u0131 Sistemler K\u00fcmelenmesi Derne\u011fi&#8217;nin i\u015fbirli\u011fi yapabilecekleri alanlar hakk\u0131nda g\u00f6r\u00fc\u015f al\u0131\u015fveri\u015finde bulunulan ziyarette ayr\u0131ca, Dernek Y\u00f6netim Kurulu \u00dcyeleri Rekt\u00f6r Prof. Dr. [&hellip;]<\/p>\n","protected":false},"author":1,"featured_media":0,"parent":0,"menu_order":0,"comment_status":"closed","ping_status":"closed","template":"page-full-width.php","meta":{"footnotes":""},"class_list":["post-1112","page","type-page","status-publish","hentry"],"_links":{"self":[{"href":"http:\/\/www.rsc.org.tr\/indextr\/index.php\/wp-json\/wp\/v2\/pages\/1112","targetHints":{"allow":["GET"]}}],"collection":[{"href":"http:\/\/www.rsc.org.tr\/indextr\/index.php\/wp-json\/wp\/v2\/pages"}],"about":[{"href":"http:\/\/www.rsc.org.tr\/indextr\/index.php\/wp-json\/wp\/v2\/types\/page"}],"author":[{"embeddable":true,"href":"http:\/\/www.rsc.org.tr\/indextr\/index.php\/wp-json\/wp\/v2\/users\/1"}],"replies":[{"embeddable":true,"href":"http:\/\/www.rsc.org.tr\/indextr\/index.php\/wp-json\/wp\/v2\/comments?post=1112"}],"version-history":[{"count":1,"href":"http:\/\/www.rsc.org.tr\/indextr\/index.php\/wp-json\/wp\/v2\/pages\/1112\/revisions"}],"predecessor-version":[{"id":1115,"href":"http:\/\/www.rsc.org.tr\/indextr\/index.php\/wp-json\/wp\/v2\/pages\/1112\/revisions\/1115"}],"wp:attachment":[{"href":"http:\/\/www.rsc.org.tr\/indextr\/index.php\/wp-json\/wp\/v2\/media?parent=1112"}],"curies":[{"name":"wp","href":"https:\/\/api.w.org\/{rel}","templated":true}]}}