{"id":1093,"date":"2020-07-24T16:55:48","date_gmt":"2020-07-24T13:55:48","guid":{"rendered":"http:\/\/www.rsc.org.tr\/indextr\/?page_id=1093"},"modified":"2020-07-29T09:35:46","modified_gmt":"2020-07-29T06:35:46","slug":"eskisehir-teknik-universitesine-ziyaret","status":"publish","type":"page","link":"http:\/\/www.rsc.org.tr\/indextr\/index.php\/eskisehir-teknik-universitesine-ziyaret\/","title":{"rendered":"ESK\u0130\u015eEH\u0130R TEKN\u0130K \u00dcN\u0130VERS\u0130TES\u0130&#8217;NE Z\u0130YARET"},"content":{"rendered":"<p><img loading=\"lazy\" decoding=\"async\" class=\"aligncenter wp-image-1094 size-full\" src=\"http:\/\/www.rsc.org.tr\/indextr\/wp-content\/uploads\/8K7A1958.jpg\" alt=\"8K7A1958\" width=\"1764\" height=\"704\" srcset=\"http:\/\/www.rsc.org.tr\/indextr\/wp-content\/uploads\/8K7A1958.jpg 1764w, http:\/\/www.rsc.org.tr\/indextr\/wp-content\/uploads\/8K7A1958-300x119.jpg 300w, http:\/\/www.rsc.org.tr\/indextr\/wp-content\/uploads\/8K7A1958-1024x408.jpg 1024w, http:\/\/www.rsc.org.tr\/indextr\/wp-content\/uploads\/8K7A1958-1500x600.jpg 1500w, http:\/\/www.rsc.org.tr\/indextr\/wp-content\/uploads\/8K7A1958-600x239.jpg 600w, http:\/\/www.rsc.org.tr\/indextr\/wp-content\/uploads\/8K7A1958-1140x454.jpg 1140w\" sizes=\"auto, (max-width: 1764px) 100vw, 1764px\" \/><\/p>\n<p>&nbsp;<\/p>\n<p>&nbsp;<\/p>\n<p style=\"text-align: justify;\">Rayl\u0131 Sistemler K\u00fcmelenmesi Y\u00f6netim Kurulu \u00dcyelerimiz 22 Temmuz 2020 \u00c7ar\u015famba g\u00fcn\u00fc Eski\u015fehir Teknik \u00dcniversitesi Rekt\u00f6r\u00fc Sn. Prof. Dr. Tuncay D\u00d6\u011eERO\u011eLU&#8217;na d\u00fczenlenen ziyaret s\u0131ras\u0131nda Uraysim Projesi ile ilgili kar\u015f\u0131l\u0131kl\u0131 g\u00f6r\u00fc\u015fmeler yapm\u0131\u015ft\u0131r.<\/p>\n","protected":false},"excerpt":{"rendered":"<p>&nbsp; &nbsp; Rayl\u0131 Sistemler K\u00fcmelenmesi Y\u00f6netim Kurulu \u00dcyelerimiz 22 Temmuz 2020 \u00c7ar\u015famba g\u00fcn\u00fc Eski\u015fehir Teknik \u00dcniversitesi Rekt\u00f6r\u00fc Sn. Prof. Dr. Tuncay D\u00d6\u011eERO\u011eLU&#8217;na d\u00fczenlenen ziyaret s\u0131ras\u0131nda Uraysim Projesi ile ilgili kar\u015f\u0131l\u0131kl\u0131 g\u00f6r\u00fc\u015fmeler yapm\u0131\u015ft\u0131r.<\/p>\n","protected":false},"author":1,"featured_media":0,"parent":0,"menu_order":0,"comment_status":"closed","ping_status":"closed","template":"page-full-width.php","meta":{"footnotes":""},"class_list":["post-1093","page","type-page","status-publish","hentry"],"_links":{"self":[{"href":"http:\/\/www.rsc.org.tr\/indextr\/index.php\/wp-json\/wp\/v2\/pages\/1093","targetHints":{"allow":["GET"]}}],"collection":[{"href":"http:\/\/www.rsc.org.tr\/indextr\/index.php\/wp-json\/wp\/v2\/pages"}],"about":[{"href":"http:\/\/www.rsc.org.tr\/indextr\/index.php\/wp-json\/wp\/v2\/types\/page"}],"author":[{"embeddable":true,"href":"http:\/\/www.rsc.org.tr\/indextr\/index.php\/wp-json\/wp\/v2\/users\/1"}],"replies":[{"embeddable":true,"href":"http:\/\/www.rsc.org.tr\/indextr\/index.php\/wp-json\/wp\/v2\/comments?post=1093"}],"version-history":[{"count":4,"href":"http:\/\/www.rsc.org.tr\/indextr\/index.php\/wp-json\/wp\/v2\/pages\/1093\/revisions"}],"predecessor-version":[{"id":1106,"href":"http:\/\/www.rsc.org.tr\/indextr\/index.php\/wp-json\/wp\/v2\/pages\/1093\/revisions\/1106"}],"wp:attachment":[{"href":"http:\/\/www.rsc.org.tr\/indextr\/index.php\/wp-json\/wp\/v2\/media?parent=1093"}],"curies":[{"name":"wp","href":"https:\/\/api.w.org\/{rel}","templated":true}]}}