{"id":1085,"date":"2020-07-17T15:15:00","date_gmt":"2020-07-17T12:15:00","guid":{"rendered":"http:\/\/www.rsc.org.tr\/indextr\/?page_id=1085"},"modified":"2020-07-17T15:15:00","modified_gmt":"2020-07-17T12:15:00","slug":"dernegimizin-yeni-yonetim-kurulu-olusturuldu","status":"publish","type":"page","link":"http:\/\/www.rsc.org.tr\/indextr\/index.php\/dernegimizin-yeni-yonetim-kurulu-olusturuldu\/","title":{"rendered":"DERNE\u011e\u0130M\u0130Z\u0130N YEN\u0130 Y\u00d6NET\u0130M KURULU OLU\u015eTURULDU"},"content":{"rendered":"<p style=\"color: rgb(20, 24, 35); text-align: justify;\"><strong>Derne\u011fimiz 043\/ 2020 say\u0131l\u0131 09\/7\/2020 tarihli Y\u00f6netim Kurulu Toplant\u0131s\u0131n\u0131 Ger\u00e7ekle\u015ftirdi<\/strong><\/p>\n<p style=\"color: rgb(20, 24, 35); text-align: justify;\">Derne\u011fimiz yerle\u015fkesinde, ola\u011fan y\u00f6netim kurulu toplant\u0131m\u0131z 09\/07\/2020 tarihinde ger\u00e7ekle\u015ftirilmi\u015ftir. Bir \u00f6nceki dernek kurulu ba\u015fkan\u0131m\u0131z Sn. Hayri Avc\u0131&#8217;n\u0131n istifas\u0131 sonras\u0131 derne\u011fimizin yeni y\u00f6netim yap\u0131lanmas\u0131 da olu\u015fturuldu. Bu do\u011frultuda dernek y\u00f6netim kurulu \u00fcyemiz; sn. <strong>Ramazan YANAR&#8217;\u0131n Dernek Kurulu Ba\u015fkan\u0131<\/strong> olarak g\u00f6revlendirilmesine oy birli\u011fiyle karar verilmi\u015ftir. Yeni y\u00f6netimimizin \u00fclkemize, \u015fehrimize ve sekt\u00f6r\u00fcm\u00fcze hay\u0131rl\u0131 olmas\u0131n\u0131 dileriz.<\/p>\n<p style=\"color: rgb(20, 24, 35); text-align: justify;\">\n<p style=\"color: rgb(20, 24, 35); text-align: justify;\">\u00a0<hr class=\"progression-hr\"><\/hr><\/p>\n<p style=\"color: rgb(20, 24, 35); text-align: justify;\">\n<p style=\"color: rgb(20, 24, 35); text-align: justify;\"><strong>Our Association held the Board of Directors Meeting dated 09\/07\/2020 numbered 043\/2020<\/strong><\/p>\n<p style=\"color: rgb(20, 24, 35); text-align: justify;\">Our ordinary board of directors meeting was held on 09\/07\/2020 at the main office of our association. After the resignation of our previous association chairman, Hayri Avc\u0131, a new management structure of our association was created. Accordingly, our association&#8217;s board member; it was unanimously decided to appoint <strong>Mr. Ramazan YANAR as the Chairman of the Association Board.<\/strong> We wish our new management all the best and much success. It should be benefical for our country, our city and our industry.<\/p>\n<p style=\"color: rgb(20, 24, 35); text-align: justify;\">\n","protected":false},"excerpt":{"rendered":"<p>Derne\u011fimiz 043\/ 2020 say\u0131l\u0131 09\/7\/2020 tarihli Y\u00f6netim Kurulu Toplant\u0131s\u0131n\u0131 Ger\u00e7ekle\u015ftirdi Derne\u011fimiz yerle\u015fkesinde, ola\u011fan y\u00f6netim kurulu toplant\u0131m\u0131z 09\/07\/2020 tarihinde ger\u00e7ekle\u015ftirilmi\u015ftir. Bir \u00f6nceki dernek kurulu ba\u015fkan\u0131m\u0131z Sn. Hayri Avc\u0131&#8217;n\u0131n istifas\u0131 sonras\u0131 derne\u011fimizin yeni y\u00f6netim yap\u0131lanmas\u0131 da olu\u015fturuldu. Bu do\u011frultuda dernek y\u00f6netim kurulu \u00fcyemiz; sn. Ramazan YANAR&#8217;\u0131n Dernek Kurulu Ba\u015fkan\u0131 olarak g\u00f6revlendirilmesine oy birli\u011fiyle karar verilmi\u015ftir. Yeni y\u00f6netimimizin [&hellip;]<\/p>\n","protected":false},"author":1,"featured_media":0,"parent":0,"menu_order":0,"comment_status":"closed","ping_status":"closed","template":"","meta":{"footnotes":""},"class_list":["post-1085","page","type-page","status-publish","hentry"],"_links":{"self":[{"href":"http:\/\/www.rsc.org.tr\/indextr\/index.php\/wp-json\/wp\/v2\/pages\/1085","targetHints":{"allow":["GET"]}}],"collection":[{"href":"http:\/\/www.rsc.org.tr\/indextr\/index.php\/wp-json\/wp\/v2\/pages"}],"about":[{"href":"http:\/\/www.rsc.org.tr\/indextr\/index.php\/wp-json\/wp\/v2\/types\/page"}],"author":[{"embeddable":true,"href":"http:\/\/www.rsc.org.tr\/indextr\/index.php\/wp-json\/wp\/v2\/users\/1"}],"replies":[{"embeddable":true,"href":"http:\/\/www.rsc.org.tr\/indextr\/index.php\/wp-json\/wp\/v2\/comments?post=1085"}],"version-history":[{"count":1,"href":"http:\/\/www.rsc.org.tr\/indextr\/index.php\/wp-json\/wp\/v2\/pages\/1085\/revisions"}],"predecessor-version":[{"id":1086,"href":"http:\/\/www.rsc.org.tr\/indextr\/index.php\/wp-json\/wp\/v2\/pages\/1085\/revisions\/1086"}],"wp:attachment":[{"href":"http:\/\/www.rsc.org.tr\/indextr\/index.php\/wp-json\/wp\/v2\/media?parent=1085"}],"curies":[{"name":"wp","href":"https:\/\/api.w.org\/{rel}","templated":true}]}}