{"id":1069,"date":"2016-09-06T14:53:22","date_gmt":"2016-09-06T11:53:22","guid":{"rendered":"http:\/\/www.rsc.org.tr\/indextr\/?page_id=1069"},"modified":"2016-09-06T14:53:22","modified_gmt":"2016-09-06T11:53:22","slug":"sazcilar-a-s","status":"publish","type":"page","link":"http:\/\/www.rsc.org.tr\/indextr\/index.php\/sazcilar-a-s\/","title":{"rendered":"SAZCILAR A.\u015e."},"content":{"rendered":"<p><a href=\"http:\/\/www.rsc.org.tr\/indextr\/wp-content\/uploads\/SAZCILAR.png\"><img loading=\"lazy\" decoding=\"async\" class=\"aligncenter  wp-image-1072\" src=\"http:\/\/www.rsc.org.tr\/indextr\/wp-content\/uploads\/SAZCILAR.png\" alt=\"SAZCILAR\" width=\"314\" height=\"181\" srcset=\"http:\/\/www.rsc.org.tr\/indextr\/wp-content\/uploads\/SAZCILAR.png 1127w, http:\/\/www.rsc.org.tr\/indextr\/wp-content\/uploads\/SAZCILAR-300x172.png 300w, http:\/\/www.rsc.org.tr\/indextr\/wp-content\/uploads\/SAZCILAR-1024x589.png 1024w, http:\/\/www.rsc.org.tr\/indextr\/wp-content\/uploads\/SAZCILAR-600x345.png 600w\" sizes=\"auto, (max-width: 314px) 100vw, 314px\" \/><\/a><\/p>\n<p>SAZCILAR OTOMOT\u0130V SAN. VE T\u0130C. A.\u015e., 1987 senesinde Bursa\u2019da kurulmu\u015ftur. 4 ana \u00fcretim tesisinde ve 25.000 m2 kapal\u0131 alanda Bursa ve Sakarya\/Adapazar\u0131 b\u00f6lgesinde \u00fcretim yapmaktad\u0131r. Mevcut tesisler i\u00e7inde Ar-Ge, Tasar\u0131m ve Analiz, Prototip Geli\u015ftirme ve \u00dcr\u00fcn Kalite Test Laboratuvarlar\u0131 mevcuttur.<br \/>\nSAZCILAR OTOMOT\u0130V, 1987 y\u0131l\u0131ndan itibaren, teknoloji ve tecr\u00fcbeyi birle\u015ftirerek, FRP (Fiber Reinforced Plastic) Kompozit Par\u00e7a \u0130malat\u0131, Astar ve Boya Uygulamalar\u0131, Trimleme, ABS+PVC Kaplama par\u00e7alar\u0131n\u0131n tasar\u0131m\u0131n\u0131, kal\u0131p imalat\u0131n\u0131 ve \u00fcr\u00fcn imalat\u0131n\u0131 yapmaktad\u0131r. Geli\u015ftirdi\u011fi \u00fcr\u00fcnler ile Rayl\u0131 sistemler, Otomotiv, \u0130n\u015faat, Elektrik&amp;Elektronik, Askeri ve Z\u0131rhl\u0131 Ara\u00e7lar, \u0130\u015f Makineleri, Makine ve Tar\u0131m Ekipmanlar\u0131, Denizcilik ve Havac\u0131l\u0131k sekt\u00f6rlerine tasarlanan \u00e7ok \u00e7e\u015fitli \u00fcr\u00fcn gam\u0131 ile faaliyet g\u00f6stermektedir.<br \/>\n\u00dcr\u00fcnler: \u00a0&#8211; Fiberglass Par\u00e7a \u0130malat\u0131 (El Yat\u0131rma, RTM, So\u011fuk Pres, \u0130nf\u00fczyon) &#8211; pDCPD, &#8211; Soft Touch\/PVC kapl\u0131 Poli\u00fcretan Torpido &#8211; SMC&amp;BMC Par\u00e7a \u0130malat\u0131 &#8211; ABS+PVC Folyo \u015eekillendirme ve Kaplama \u0130\u015fleri &#8211; Softtouch Folyo \u015eekillendirme ve Kaplama \u0130\u015fleri &#8211; Sa\u00e7 Par\u00e7a \u0130malat\u0131(Kendi \u00dcretimimizde Kullan\u0131lan Par\u00e7alar) &#8211; Fiberglass Kal\u0131p \u0130malat\u0131 &#8211; Al\u00fcminyum Kal\u0131p \u0130malat\u0131 &#8211; CNC Model \u0130\u015fleme<br \/>\nKalite sertifikalar\u0131: \u00a0IRIS, ISO 9001, ISO 14001:2004, kalite belgesi ve ISO\/TS 16949 Kalite Y\u00f6netim Sistem Sertifikas\u0131 ve FORD Q1 sertifikas\u0131 ile T\u00fcrkiye\u2019de ilk ve tek SAZCILAR OTOMOT\u0130V firmas\u0131 b\u00fcnyesinde bulunan DIN 6701-2 Yap\u0131\u015ft\u0131rma sertifikas\u0131na sahiptir<\/p>\n<p style=\"text-align: center;\"><a href=\"http:\/\/www.sazcilar.com.tr\">www.sazcilar.com.tr<\/a><\/p>\n","protected":false},"excerpt":{"rendered":"<p>SAZCILAR OTOMOT\u0130V SAN. VE T\u0130C. A.\u015e., 1987 senesinde Bursa\u2019da kurulmu\u015ftur. 4 ana \u00fcretim tesisinde ve 25.000 m2 kapal\u0131 alanda Bursa ve Sakarya\/Adapazar\u0131 b\u00f6lgesinde \u00fcretim yapmaktad\u0131r. Mevcut tesisler i\u00e7inde Ar-Ge, Tasar\u0131m ve Analiz, Prototip Geli\u015ftirme ve \u00dcr\u00fcn Kalite Test Laboratuvarlar\u0131 mevcuttur. SAZCILAR OTOMOT\u0130V, 1987 y\u0131l\u0131ndan itibaren, teknoloji ve tecr\u00fcbeyi birle\u015ftirerek, FRP (Fiber Reinforced Plastic) Kompozit Par\u00e7a [&hellip;]<\/p>\n","protected":false},"author":1,"featured_media":0,"parent":0,"menu_order":0,"comment_status":"closed","ping_status":"closed","template":"","meta":{"footnotes":""},"class_list":["post-1069","page","type-page","status-publish","hentry"],"_links":{"self":[{"href":"http:\/\/www.rsc.org.tr\/indextr\/index.php\/wp-json\/wp\/v2\/pages\/1069","targetHints":{"allow":["GET"]}}],"collection":[{"href":"http:\/\/www.rsc.org.tr\/indextr\/index.php\/wp-json\/wp\/v2\/pages"}],"about":[{"href":"http:\/\/www.rsc.org.tr\/indextr\/index.php\/wp-json\/wp\/v2\/types\/page"}],"author":[{"embeddable":true,"href":"http:\/\/www.rsc.org.tr\/indextr\/index.php\/wp-json\/wp\/v2\/users\/1"}],"replies":[{"embeddable":true,"href":"http:\/\/www.rsc.org.tr\/indextr\/index.php\/wp-json\/wp\/v2\/comments?post=1069"}],"version-history":[{"count":3,"href":"http:\/\/www.rsc.org.tr\/indextr\/index.php\/wp-json\/wp\/v2\/pages\/1069\/revisions"}],"predecessor-version":[{"id":1075,"href":"http:\/\/www.rsc.org.tr\/indextr\/index.php\/wp-json\/wp\/v2\/pages\/1069\/revisions\/1075"}],"wp:attachment":[{"href":"http:\/\/www.rsc.org.tr\/indextr\/index.php\/wp-json\/wp\/v2\/media?parent=1069"}],"curies":[{"name":"wp","href":"https:\/\/api.w.org\/{rel}","templated":true}]}}