{"id":1026,"date":"2015-06-03T11:39:28","date_gmt":"2015-06-03T08:39:28","guid":{"rendered":"http:\/\/www.rsc.org.tr\/indextr\/?page_id=1026"},"modified":"2015-06-03T11:39:28","modified_gmt":"2015-06-03T08:39:28","slug":"katsan-kimya-a-s","status":"publish","type":"page","link":"http:\/\/www.rsc.org.tr\/indextr\/index.php\/katsan-kimya-a-s\/","title":{"rendered":"KATSAN K\u0130MYA A.\u015e."},"content":{"rendered":"<p><a href=\"http:\/\/www.rsc.org.tr\/indextr\/wp-content\/uploads\/kATSAN-fABR\u0130KAFabrika_Yeni.gif\"><img loading=\"lazy\" decoding=\"async\" class=\"aligncenter  wp-image-964\" src=\"http:\/\/www.rsc.org.tr\/indextr\/wp-content\/uploads\/kATSAN-fABR\u0130KAFabrika_Yeni.gif\" alt=\"KATSAN fABR\u0130KAFabrika_Yeni\" width=\"426\" height=\"262\" \/><\/a><\/p>\n<p>&nbsp;<\/p>\n<p>Yap\u0131 kimyasallar\u0131 alan\u0131nda 1992 y\u0131l\u0131ndan bu yana \u00fcretim ve pazarlama faaliyetlerinde bulunan bir T\u00fcrk \u015firketidir.<\/p>\n<p>2010 y\u0131l\u0131 itibariyle bir d\u00fcnya devi olan General Elektrik (GE) cephe giydirme silikonlar\u0131n\u0131n T\u00fcrkiye ve stan \u00fclkeleri distrib\u00fct\u00f6rl\u00fc\u011f\u00fc ile \u0130talyan Ruredil firmas\u0131n\u0131n T\u00fcrkiye distrib\u00fct\u00f6rl\u00fc\u011f\u00fcn\u00fc alan Katsan Kimya,T\u00fcrkiye yap\u0131 sekt\u00f6r\u00fcne yeni ve yarat\u0131c\u0131 \u00fcr\u00fcnler ile hizmet etmeyi ama\u00e7lamaktad\u0131r.<\/p>\n<p>\u00c7imento ve beton kimyasallar\u0131 konusunda g\u00fcn\u00fcm\u00fcz\u00fcn teknolojik gereklerine uygun olarak kurulmu\u015f laboratuar\u0131nda m\u00fc\u015fterilerinin de\u011fi\u015fken taleplerini kar\u015f\u0131lamak amac\u0131yla her g\u00fcn daha yo\u011fun olarak ara\u015ft\u0131rma ve geli\u015ftirme \u00e7al\u0131\u015fmalar\u0131n\u0131 s\u00fcrd\u00fcrmektedir.<br \/>\nKatsan Kimya, \u00e7imento ve beton end\u00fcstrilerinin her ikisinde de kimya ve \u00fcretim teknolojisini birle\u015ftirmi\u015f nadir firmalardan biridir. Katplast ticari markas\u0131 ile tescillenmi\u015f ve Uluslararas\u0131 Standartlara uygunlu\u011fu belgelenmi\u015f \u00fcr\u00fcnleri ile T\u00fcrk yap\u0131 sekt\u00f6r\u00fcne hizmet etmenin yan\u0131s\u0131ra uluslararas\u0131 pazarlarda da yer edinmeyi hedef edinmi\u015f ve 2000 y\u0131l\u0131ndan itibaren bu alandaki faaliyetlerine h\u0131z vermi\u015ftir. Derz dolgu malzemeleri alan\u0131nda Katplast ticari markas\u0131 ile \u00fcretilmekte ve pazarlanmakta olan \u00fcr\u00fcnleri \u00e7ok k\u0131sa s\u00fcrede tercih edilen ve aran\u0131lan \u00fcr\u00fcnler aras\u0131nda yer alm\u0131\u015ft\u0131r. \u00d6zellikle Yal\u0131t\u0131ml\u0131 Cam \u00fcretiminde kullan\u0131lmakta olan ve uluslararas\u0131 normlara uygunluk belgelerine sahip \u00fcr\u00fcnleri, k\u0131sa s\u00fcrede T\u00fcrkiye\u2019nin yan\u0131 s\u0131ra d\u0131\u015f pazarlarda da kullan\u0131lmaya ba\u015flanm\u0131\u015ft\u0131r. Bir T\u00fcrk firmas\u0131 olarak \u00fcretmekte oldu\u011fu uluslararas\u0131 kalite normlar\u0131na uygun \u00fcr\u00fcnlerini pazarlarken deneyimli teknik kadrosu ile tam bir servis ve sat\u0131\u015f sonras\u0131 eksiksiz bir destek gereklili\u011fini hi\u00e7 bir zaman g\u00f6z ard\u0131 etmemektedir. Bu ama\u00e7la kalite hedeflerini belirlemi\u015f olup, bu do\u011frultuda \u00fcr\u00fcn ve hizmet \u00fcretilmesine azami \u00f6zen g\u00f6sterilmektedir.<\/p>\n<p>Daha fazla bilgi i\u00e7in:\u00a0<a href=\"http:\/\/www.katsankimya.com\/\">http:\/\/www.katsankimya.com\/<\/a><\/p>\n","protected":false},"excerpt":{"rendered":"<p>&nbsp; Yap\u0131 kimyasallar\u0131 alan\u0131nda 1992 y\u0131l\u0131ndan bu yana \u00fcretim ve pazarlama faaliyetlerinde bulunan bir T\u00fcrk \u015firketidir. 2010 y\u0131l\u0131 itibariyle bir d\u00fcnya devi olan General Elektrik (GE) cephe giydirme silikonlar\u0131n\u0131n T\u00fcrkiye ve stan \u00fclkeleri distrib\u00fct\u00f6rl\u00fc\u011f\u00fc ile \u0130talyan Ruredil firmas\u0131n\u0131n T\u00fcrkiye distrib\u00fct\u00f6rl\u00fc\u011f\u00fcn\u00fc alan Katsan Kimya,T\u00fcrkiye yap\u0131 sekt\u00f6r\u00fcne yeni ve yarat\u0131c\u0131 \u00fcr\u00fcnler ile hizmet etmeyi ama\u00e7lamaktad\u0131r. \u00c7imento ve [&hellip;]<\/p>\n","protected":false},"author":1,"featured_media":0,"parent":0,"menu_order":0,"comment_status":"closed","ping_status":"closed","template":"","meta":{"footnotes":""},"class_list":["post-1026","page","type-page","status-publish","hentry"],"_links":{"self":[{"href":"http:\/\/www.rsc.org.tr\/indextr\/index.php\/wp-json\/wp\/v2\/pages\/1026","targetHints":{"allow":["GET"]}}],"collection":[{"href":"http:\/\/www.rsc.org.tr\/indextr\/index.php\/wp-json\/wp\/v2\/pages"}],"about":[{"href":"http:\/\/www.rsc.org.tr\/indextr\/index.php\/wp-json\/wp\/v2\/types\/page"}],"author":[{"embeddable":true,"href":"http:\/\/www.rsc.org.tr\/indextr\/index.php\/wp-json\/wp\/v2\/users\/1"}],"replies":[{"embeddable":true,"href":"http:\/\/www.rsc.org.tr\/indextr\/index.php\/wp-json\/wp\/v2\/comments?post=1026"}],"version-history":[{"count":4,"href":"http:\/\/www.rsc.org.tr\/indextr\/index.php\/wp-json\/wp\/v2\/pages\/1026\/revisions"}],"predecessor-version":[{"id":1046,"href":"http:\/\/www.rsc.org.tr\/indextr\/index.php\/wp-json\/wp\/v2\/pages\/1026\/revisions\/1046"}],"wp:attachment":[{"href":"http:\/\/www.rsc.org.tr\/indextr\/index.php\/wp-json\/wp\/v2\/media?parent=1026"}],"curies":[{"name":"wp","href":"https:\/\/api.w.org\/{rel}","templated":true}]}}