{"id":1024,"date":"2015-06-03T11:29:32","date_gmt":"2015-06-03T08:29:32","guid":{"rendered":"http:\/\/www.rsc.org.tr\/indextr\/?page_id=1024"},"modified":"2015-06-03T11:29:32","modified_gmt":"2015-06-03T08:29:32","slug":"voith-turbo-guc-aktarma-teknigi-ltd-sti","status":"publish","type":"page","link":"http:\/\/www.rsc.org.tr\/indextr\/index.php\/voith-turbo-guc-aktarma-teknigi-ltd-sti\/","title":{"rendered":"VOITH TURBO G\u00dc\u00c7 AKTARMA TEKN\u0130\u011e\u0130 LTD.\u015eT\u0130."},"content":{"rendered":"<p><span style=\"color: #000000;\">Voith Turbo G\u00fc\u00e7 Aktarma Tekni\u011fi Ltd. \u015eti. (VTTR), Ekim 2008&#8217;de, merkezi Heidenheim, Almanya&#8217;da bulunan ve d\u00fcnya \u00e7ap\u0131nda \u015fubelere sahip Voith \u015eirketler grubunun bir \u00fcyesi olarak kurulmu\u015ftur ve Voith Turbo ailesinin bir par\u00e7as\u0131d\u0131r.<\/span><\/p>\n<p><span style=\"color: #000000;\">VTTR&#8217;nin merkez ofisi Ankara&#8217;da yer almaktad\u0131r. iLET\u0130\u015e\u0130M: +90 312 495 00 44<\/span><\/p>\n<p>Rayl\u0131 Sistem \u00dcr\u00fcnleri:<\/p>\n<div>Rayl\u0131 Sistemler Dizel Aktarma Organlar\u0131<\/div>\n<div>Elektro Mekanik Tahrik Sistemleri<\/div>\n<div>So\u011futma Sistemleri<\/div>\n<div>Elektronik Kontrol Sistemleri<\/div>\n<div>Scharfenberg Kupl\u00f6rleri<\/div>\n<p>Daha fazla bilgi i\u00e7in:\u00a0<a href=\"http:\/\/www.turkey.voithturbo.com\/\">http:\/\/www.turkey.voithturbo.com\/<\/a><\/p>\n<p>&nbsp;<\/p>\n","protected":false},"excerpt":{"rendered":"<p>Voith Turbo G\u00fc\u00e7 Aktarma Tekni\u011fi Ltd. \u015eti. (VTTR), Ekim 2008&#8217;de, merkezi Heidenheim, Almanya&#8217;da bulunan ve d\u00fcnya \u00e7ap\u0131nda \u015fubelere sahip Voith \u015eirketler grubunun bir \u00fcyesi olarak kurulmu\u015ftur ve Voith Turbo ailesinin bir par\u00e7as\u0131d\u0131r. VTTR&#8217;nin merkez ofisi Ankara&#8217;da yer almaktad\u0131r. iLET\u0130\u015e\u0130M: +90 312 495 00 44 Rayl\u0131 Sistem \u00dcr\u00fcnleri: Rayl\u0131 Sistemler Dizel Aktarma Organlar\u0131 Elektro Mekanik Tahrik [&hellip;]<\/p>\n","protected":false},"author":1,"featured_media":0,"parent":0,"menu_order":0,"comment_status":"closed","ping_status":"closed","template":"","meta":{"footnotes":""},"class_list":["post-1024","page","type-page","status-publish","hentry"],"_links":{"self":[{"href":"http:\/\/www.rsc.org.tr\/indextr\/index.php\/wp-json\/wp\/v2\/pages\/1024","targetHints":{"allow":["GET"]}}],"collection":[{"href":"http:\/\/www.rsc.org.tr\/indextr\/index.php\/wp-json\/wp\/v2\/pages"}],"about":[{"href":"http:\/\/www.rsc.org.tr\/indextr\/index.php\/wp-json\/wp\/v2\/types\/page"}],"author":[{"embeddable":true,"href":"http:\/\/www.rsc.org.tr\/indextr\/index.php\/wp-json\/wp\/v2\/users\/1"}],"replies":[{"embeddable":true,"href":"http:\/\/www.rsc.org.tr\/indextr\/index.php\/wp-json\/wp\/v2\/comments?post=1024"}],"version-history":[{"count":2,"href":"http:\/\/www.rsc.org.tr\/indextr\/index.php\/wp-json\/wp\/v2\/pages\/1024\/revisions"}],"predecessor-version":[{"id":1043,"href":"http:\/\/www.rsc.org.tr\/indextr\/index.php\/wp-json\/wp\/v2\/pages\/1024\/revisions\/1043"}],"wp:attachment":[{"href":"http:\/\/www.rsc.org.tr\/indextr\/index.php\/wp-json\/wp\/v2\/media?parent=1024"}],"curies":[{"name":"wp","href":"https:\/\/api.w.org\/{rel}","templated":true}]}}