{"id":1020,"date":"2015-06-03T11:20:44","date_gmt":"2015-06-03T08:20:44","guid":{"rendered":"http:\/\/www.rsc.org.tr\/indextr\/?page_id=1020"},"modified":"2015-06-03T11:20:44","modified_gmt":"2015-06-03T08:20:44","slug":"numerik-makina-muh-dokum-ltd-sti","status":"publish","type":"page","link":"http:\/\/www.rsc.org.tr\/indextr\/index.php\/numerik-makina-muh-dokum-ltd-sti\/","title":{"rendered":"N\u00dcMER\u0130K MAK\u0130NA M\u00dcH. D\u00d6K\u00dcM LTD. \u015eT\u0130."},"content":{"rendered":"<p style=\"color: #6e6e6e;\"><a href=\"http:\/\/www.rsc.org.tr\/indextr\/wp-content\/uploads\/numerik-2.jpg\"><img loading=\"lazy\" decoding=\"async\" class=\"aligncenter  wp-image-965\" src=\"http:\/\/www.rsc.org.tr\/indextr\/wp-content\/uploads\/numerik-2.jpg\" alt=\"numerik (2)\" width=\"337\" height=\"253\" srcset=\"http:\/\/www.rsc.org.tr\/indextr\/wp-content\/uploads\/numerik-2.jpg 640w, http:\/\/www.rsc.org.tr\/indextr\/wp-content\/uploads\/numerik-2-300x225.jpg 300w, http:\/\/www.rsc.org.tr\/indextr\/wp-content\/uploads\/numerik-2-600x450.jpg 600w\" sizes=\"auto, (max-width: 337px) 100vw, 337px\" \/><\/a><\/p>\n<p style=\"color: #6e6e6e;\">N\u00fcmerik Makine 2002 y\u0131l\u0131nda kurulmu\u015f olup 120 m2\u2019lik ilk at\u00f6lyesinde 4 y\u0131l hizmet verdikten sonra 2006 y\u0131l\u0131nda Eski\u015fehir Organize Sanayi B\u00f6lgesindeki kendi yerine ta\u015f\u0131nm\u0131\u015ft\u0131r.<\/p>\n<p class=\"style25\" style=\"color: #333333;\">Firmam\u0131z faaliyet alan\u0131 olan Bilgisayar destekli CAD-CAM uygulamalar\u0131nda teknolojinin en \u00fcst noktas\u0131ndaki sistemleri kullanarak k\u0131sa s\u00fcrede \u00fclkemizde ayn\u0131 sekt\u00f6rdeki firmalar\u0131n\u00a0yan\u0131nda yer almay\u0131 ba\u015farm\u0131\u015ft\u0131r. \u00d6zel Sekt\u00f6r fabrikalar\u0131nda edinilen tecr\u00fcbeyi m\u00fc\u015fterilerine hizmet olarak yans\u0131tan N\u00fcmerik Makine\u2019nin tek hedefi \u00e7al\u0131\u015fan\u0131n\u0131 ve m\u00fc\u015fterisini g\u00fcler y\u00fczl\u00fc tutabilmektir.<\/p>\n<p class=\"style25\" style=\"color: #333333;\">Firmam\u0131z b\u00fcnyesinde \u00e7al\u0131\u015fmakta olan demir d\u0131\u015f\u0131 metal d\u00f6k\u00fcmhanemizde ah\u015fap modellerini yapt\u0131\u011f\u0131m\u0131z par\u00e7alar\u0131n d\u00f6k\u00fcm\u00fcn\u00fc yaparak nihai i\u015flenmi\u015f al\u00fcminyum d\u00f6k\u00fcm a\u011f\u0131rl\u0131kl\u0131 malzemelerde sunmaktay\u0131z.<\/p>\n<p class=\"style25\" style=\"color: #333333;\">Daha fazla bilgi i\u00e7in:\u00a0<a href=\"http:\/\/www.numerik.com.tr\/index.html\">http:\/\/www.numerik.com.tr\/index.html<\/a><\/p>\n","protected":false},"excerpt":{"rendered":"<p>N\u00fcmerik Makine 2002 y\u0131l\u0131nda kurulmu\u015f olup 120 m2\u2019lik ilk at\u00f6lyesinde 4 y\u0131l hizmet verdikten sonra 2006 y\u0131l\u0131nda Eski\u015fehir Organize Sanayi B\u00f6lgesindeki kendi yerine ta\u015f\u0131nm\u0131\u015ft\u0131r. Firmam\u0131z faaliyet alan\u0131 olan Bilgisayar destekli CAD-CAM uygulamalar\u0131nda teknolojinin en \u00fcst noktas\u0131ndaki sistemleri kullanarak k\u0131sa s\u00fcrede \u00fclkemizde ayn\u0131 sekt\u00f6rdeki firmalar\u0131n\u00a0yan\u0131nda yer almay\u0131 ba\u015farm\u0131\u015ft\u0131r. \u00d6zel Sekt\u00f6r fabrikalar\u0131nda edinilen tecr\u00fcbeyi m\u00fc\u015fterilerine hizmet olarak [&hellip;]<\/p>\n","protected":false},"author":1,"featured_media":0,"parent":0,"menu_order":0,"comment_status":"closed","ping_status":"closed","template":"","meta":{"footnotes":""},"class_list":["post-1020","page","type-page","status-publish","hentry"],"_links":{"self":[{"href":"http:\/\/www.rsc.org.tr\/indextr\/index.php\/wp-json\/wp\/v2\/pages\/1020","targetHints":{"allow":["GET"]}}],"collection":[{"href":"http:\/\/www.rsc.org.tr\/indextr\/index.php\/wp-json\/wp\/v2\/pages"}],"about":[{"href":"http:\/\/www.rsc.org.tr\/indextr\/index.php\/wp-json\/wp\/v2\/types\/page"}],"author":[{"embeddable":true,"href":"http:\/\/www.rsc.org.tr\/indextr\/index.php\/wp-json\/wp\/v2\/users\/1"}],"replies":[{"embeddable":true,"href":"http:\/\/www.rsc.org.tr\/indextr\/index.php\/wp-json\/wp\/v2\/comments?post=1020"}],"version-history":[{"count":4,"href":"http:\/\/www.rsc.org.tr\/indextr\/index.php\/wp-json\/wp\/v2\/pages\/1020\/revisions"}],"predecessor-version":[{"id":1041,"href":"http:\/\/www.rsc.org.tr\/indextr\/index.php\/wp-json\/wp\/v2\/pages\/1020\/revisions\/1041"}],"wp:attachment":[{"href":"http:\/\/www.rsc.org.tr\/indextr\/index.php\/wp-json\/wp\/v2\/media?parent=1020"}],"curies":[{"name":"wp","href":"https:\/\/api.w.org\/{rel}","templated":true}]}}