{"id":1011,"date":"2015-06-03T11:12:50","date_gmt":"2015-06-03T08:12:50","guid":{"rendered":"http:\/\/www.rsc.org.tr\/indextr\/?page_id=1011"},"modified":"2015-06-03T11:12:50","modified_gmt":"2015-06-03T08:12:50","slug":"tezkom-kompozit-teknolojileri-ltd-sti","status":"publish","type":"page","link":"http:\/\/www.rsc.org.tr\/indextr\/index.php\/tezkom-kompozit-teknolojileri-ltd-sti\/","title":{"rendered":"TEZKOM KOMPOZ\u0130T TEKNOLOJ\u0130LER\u0130 LTD. \u015eT\u0130."},"content":{"rendered":"<p>\u0097Y\u0131llar\u0131n Ar-Ge ve polimer teknoloji tecr\u00fcbemizi 2013 y\u0131l\u0131nda TEZKOM Kompozit Teknolojileri Sanayi ve Ticaret A.\u015e. \u00e7at\u0131s\u0131 alt\u0131nda toplad\u0131k. Fabrikam\u0131z pultruzyon ile kompozit profil \u00e7ekme, SMC\/BMC, \u0131zgara imalat\u0131 ve el yat\u0131rmas\u0131 \u00fcretim teknolojileri kullanarak in\u015faat, kimya, savunma sanayi, otomotiv, denizcilik, havac\u0131l\u0131k sekt\u00f6rlerin ihtiya\u00e7lar\u0131na y\u00f6nelik \u00f6zel kompozit \u00fcr\u00fcnler \u00fcreten\u00a0 ve\u00a0 \u00fclkenin Ar-Ge projesiyle kurulan say\u0131l\u0131 firmalar\u0131ndand\u0131r.<\/p>\n<p>\u0097Fabrikam\u0131z 13.000 m2 kapal\u0131 olmak \u00fczere toplam 25.000 m2 alana kurulmu\u015ftur.<\/p>\n<p>\u0097Fabrika binam\u0131zda 1500 m2 laboratuvar\u0131m\u0131z vard\u0131r. Termal laboratuvar, mekanik laboratuvar, kimya laboratuvar\u0131 \u015feklinde tam te\u015fekk\u00fcll\u00fc laboratuvarlar\u0131m\u0131z vard\u0131r. Ar-ge merkezi i\u00e7in alt yap\u0131 \u00e7al\u0131\u015fmalar\u0131m\u0131z devam etmektedir.<\/p>\n<p>\u0097Fabrikam\u0131z her y\u0131l en az bir ar-ge projesi yaparak \u00e7e\u015fitli devlet kurumlar\u0131ndan destekler almaktad\u0131r.<\/p>\n<p>\u0097Eski\u015fehir 2014 y\u0131l\u0131 giri\u015fimcilik \u00f6zel \u00f6d\u00fcl\u00fc alm\u0131\u015ft\u0131r, 2014 Kosgeb T\u00fcrkiye Kobi \u00f6d\u00fcllerinde finale kal\u0131p Eski\u015fehir i temsil etmi\u015ftir.<\/p>\n<p>\u0097TEZKOM Kompozit Teknolojileri Sanayi ve Ticaret A.\u015e bir\u00e7ok sekt\u00f6r i\u00e7in uzun \u00f6m\u00fcrl\u00fc,sa\u011flam \u00fcr\u00fcnler geli\u015ftirmekte ve m\u00fc\u015fterileri ile birlikte \u00e7al\u0131\u015farak onlar\u0131n ihtiya\u00e7lar\u0131na farkl\u0131 \u00e7\u00f6z\u00fcmler getirmekte ve kompozit sekt\u00f6r\u00fcnde \u00f6nc\u00fc olmay\u0131 hedeflemektedir.<\/p>\n<p>\u0097Eski\u015fehir Organize Sanayi B\u00f6lgesi<br \/>\n2. Cadde\u00a0\u00a0 No:12\u00a0\u00a0\u00a0\u00a0\u00a0 26110<br \/>\nESK\u0130\u015eEH\u0130R<\/p>\n<p>\u0097Tel:\u00a0 0222 236 06 40\u00a0\u0097Fax: 0222 236 06 43 \u00a0\u0097e-posta: \u0130nfo@tezkom.com.tr<\/p>\n","protected":false},"excerpt":{"rendered":"<p>\u0097Y\u0131llar\u0131n Ar-Ge ve polimer teknoloji tecr\u00fcbemizi 2013 y\u0131l\u0131nda TEZKOM Kompozit Teknolojileri Sanayi ve Ticaret A.\u015e. \u00e7at\u0131s\u0131 alt\u0131nda toplad\u0131k. Fabrikam\u0131z pultruzyon ile kompozit profil \u00e7ekme, SMC\/BMC, \u0131zgara imalat\u0131 ve el yat\u0131rmas\u0131 \u00fcretim teknolojileri kullanarak in\u015faat, kimya, savunma sanayi, otomotiv, denizcilik, havac\u0131l\u0131k sekt\u00f6rlerin ihtiya\u00e7lar\u0131na y\u00f6nelik \u00f6zel kompozit \u00fcr\u00fcnler \u00fcreten\u00a0 ve\u00a0 \u00fclkenin Ar-Ge projesiyle kurulan say\u0131l\u0131 firmalar\u0131ndand\u0131r. \u0097Fabrikam\u0131z [&hellip;]<\/p>\n","protected":false},"author":1,"featured_media":0,"parent":0,"menu_order":0,"comment_status":"closed","ping_status":"closed","template":"","meta":{"footnotes":""},"class_list":["post-1011","page","type-page","status-publish","hentry"],"_links":{"self":[{"href":"http:\/\/www.rsc.org.tr\/indextr\/index.php\/wp-json\/wp\/v2\/pages\/1011","targetHints":{"allow":["GET"]}}],"collection":[{"href":"http:\/\/www.rsc.org.tr\/indextr\/index.php\/wp-json\/wp\/v2\/pages"}],"about":[{"href":"http:\/\/www.rsc.org.tr\/indextr\/index.php\/wp-json\/wp\/v2\/types\/page"}],"author":[{"embeddable":true,"href":"http:\/\/www.rsc.org.tr\/indextr\/index.php\/wp-json\/wp\/v2\/users\/1"}],"replies":[{"embeddable":true,"href":"http:\/\/www.rsc.org.tr\/indextr\/index.php\/wp-json\/wp\/v2\/comments?post=1011"}],"version-history":[{"count":2,"href":"http:\/\/www.rsc.org.tr\/indextr\/index.php\/wp-json\/wp\/v2\/pages\/1011\/revisions"}],"predecessor-version":[{"id":1039,"href":"http:\/\/www.rsc.org.tr\/indextr\/index.php\/wp-json\/wp\/v2\/pages\/1011\/revisions\/1039"}],"wp:attachment":[{"href":"http:\/\/www.rsc.org.tr\/indextr\/index.php\/wp-json\/wp\/v2\/media?parent=1011"}],"curies":[{"name":"wp","href":"https:\/\/api.w.org\/{rel}","templated":true}]}}