{"id":1006,"date":"2015-06-03T10:59:31","date_gmt":"2015-06-03T07:59:31","guid":{"rendered":"http:\/\/www.rsc.org.tr\/indextr\/?page_id=1006"},"modified":"2015-06-03T17:13:48","modified_gmt":"2015-06-03T14:13:48","slug":"anot-elektrik-elektronik-otomasyon-ltd-sti","status":"publish","type":"page","link":"http:\/\/www.rsc.org.tr\/indextr\/index.php\/anot-elektrik-elektronik-otomasyon-ltd-sti\/","title":{"rendered":"ANOT ELEKTR\u0130K ELEKTRON\u0130K OTOMASYON LTD. \u015eT\u0130."},"content":{"rendered":"<p>&nbsp;<\/p>\n<p><span style=\"color: #666666;\">1982 y\u0131l\u0131nda kurulan Anot Elektrik, makine otomasyon panolar\u0131, g\u00fc\u00e7 panolar\u0131, kompanzasyon panolar\u0131 \u00fcretimi ve fabrika elektrik\u00a0<\/span><span style=\"color: #666666;\">taahh\u00fcd\u00fc<\/span><span style=\"color: #666666;\">\u00a0konular\u0131nda hizmet vermeye ba\u015flam\u0131\u015ft\u0131r. \u00d6ncesinde \u015fah\u0131s firmas\u0131 olan Anot Elektrik, 1996 y\u0131l\u0131nda \u015firketle\u015ferek Anot Elektrik Elektronik Otomasyon Sanayi ve Ticaret Limited \u015eirketi ad\u0131n\u0131 alm\u0131\u015ft\u0131r. Ayr\u0131ca ayn\u0131 y\u0131l Mone Makine Nakliye Enjeksiyon \u015firketini kurarak, plastik enjeksiyon, kal\u0131p ve \u00f6zel makine \u00fcretimi alanlar\u0131nda hizmet vermeye ba\u015flam\u0131\u015ft\u0131r.\u00a0<\/span><span style=\"color: #000000; font-family: Tahoma;\"><a href=\"http:\/\/www.anot.com.tr\/anot_resim\/anot1son.jpg\"><img decoding=\"async\" src=\"http:\/\/www.anot.com.tr\/anot_resim\/anot-1son_small.jpg\" alt=\"\" align=\"right\" border=\"0\" \/><\/a><\/span><span style=\"color: #666666;\"><br \/>\nG\u00fcn\u00fcm\u00fczde \u015firketimiz, \u015fehir merkezinde irtibat ve sat\u0131\u015f ofis ile hizmet vermeye devam etmektedir. Ayr\u0131ca Eski\u015fehir Organize Sanayi B\u00f6lgesinde yer alan 5000m2 a\u00e7\u0131k alan ve 1500 m2 kapal\u0131 alana sahip fabrika binas\u0131nda, PLC ve SCADA sistemleri programlanmas\u0131, Servo Motor uygulamalar\u0131, hareket Kontrol\u00fc uygulamalar\u0131, otomasyon panolar\u0131 \u00fcretimi, g\u00fc\u00e7 panolar\u0131 \u00fcretimi, kompanzasyon panolar\u0131 \u00fcretimi, \u00f6zel makine \u00fcretimi, tek<\/span><span style=\"color: #000000; font-family: Tahoma;\"><a href=\"http:\/\/www.anot.com.tr\/anot_resim\/DSC_0007.jpg\"><img decoding=\"async\" src=\"http:\/\/www.anot.com.tr\/anot_resim\/DSC_0007_small.jpg\" alt=\"\" align=\"left\" border=\"0\" \/><\/a><\/span><span style=\"color: #666666;\">nik destek ve servis hizmetleri ile birlikte elektrik ve otomasyon malzemeleri sat\u0131\u015f\u0131nda hizmet vermektedir.\u00a0<\/span><span style=\"color: #000000;\"><br \/>\n<\/span><span style=\"color: #666666;\">Sekt\u00f6rel tecr\u00fcbelisi son derece y\u00fcksek olan Elektrik- Elektronik, Makine, End\u00fcstri M\u00fchendisleri ve teknisyenlerden olu\u015fan 40 ki\u015fiyi a\u015fk\u0131n kadros<\/span><span style=\"color: #000000; font-family: Tahoma;\"><a href=\"http:\/\/www.anot.com.tr\/anot_resim\/S05.jpg\"><img decoding=\"async\" src=\"http:\/\/www.anot.com.tr\/anot_resim\/S05_small.jpg\" alt=\"\" align=\"right\" border=\"0\" \/><\/a><\/span><span style=\"color: #666666;\">u ile m\u00fc\u015fteri odakl\u0131 hizmeti ama\u00e7 edinmi\u015ftir. \u00a0Teknolojiyi yak\u0131ndan takip etme duyarl\u0131l\u0131\u011f\u0131 ile sekt\u00f6rdeki \u00f6nc\u00fc firmalardan biri olmay\u0131 ba\u015faran firmam\u0131z, 1982 y\u0131l\u0131ndan g\u00fcn\u00fcm\u00fcze s\u00fcrd\u00fcrd\u00fc\u011f\u00fc faaliyetleri ile yurt i\u00e7inde ve yurt d\u0131\u015f\u0131nda say\u0131s\u0131z projeyi ba\u015far\u0131yla tamamlanm\u0131\u015ft\u0131r.<br \/>\nSiemens \u00e7\u00f6z\u00fcm orta\u011f\u0131 olman\u0131n verdi\u011fi g\u00fc\u00e7 ile her ge\u00e7en g\u00fcn geli\u015fmesini devam ettirerek, m\u00fc\u015fterilerinin ihtiya\u00e7lar\u0131na en iyi ve h\u0131zl\u0131 \u015fekilde cevap vermektedir.<\/span><\/p>\n<p>Daha fazla bilgi i\u00e7in:<a href=\"http:\/\/www.anot.com.tr\/index.html\">\u00a0http:\/\/www.anot.com.tr\/index.html<\/a><\/p>\n","protected":false},"excerpt":{"rendered":"<p>&nbsp; 1982 y\u0131l\u0131nda kurulan Anot Elektrik, makine otomasyon panolar\u0131, g\u00fc\u00e7 panolar\u0131, kompanzasyon panolar\u0131 \u00fcretimi ve fabrika elektrik\u00a0taahh\u00fcd\u00fc\u00a0konular\u0131nda hizmet vermeye ba\u015flam\u0131\u015ft\u0131r. \u00d6ncesinde \u015fah\u0131s firmas\u0131 olan Anot Elektrik, 1996 y\u0131l\u0131nda \u015firketle\u015ferek Anot Elektrik Elektronik Otomasyon Sanayi ve Ticaret Limited \u015eirketi ad\u0131n\u0131 alm\u0131\u015ft\u0131r. Ayr\u0131ca ayn\u0131 y\u0131l Mone Makine Nakliye Enjeksiyon \u015firketini kurarak, plastik enjeksiyon, kal\u0131p ve \u00f6zel makine [&hellip;]<\/p>\n","protected":false},"author":1,"featured_media":0,"parent":0,"menu_order":0,"comment_status":"closed","ping_status":"closed","template":"","meta":{"footnotes":""},"class_list":["post-1006","page","type-page","status-publish","hentry"],"_links":{"self":[{"href":"http:\/\/www.rsc.org.tr\/indextr\/index.php\/wp-json\/wp\/v2\/pages\/1006","targetHints":{"allow":["GET"]}}],"collection":[{"href":"http:\/\/www.rsc.org.tr\/indextr\/index.php\/wp-json\/wp\/v2\/pages"}],"about":[{"href":"http:\/\/www.rsc.org.tr\/indextr\/index.php\/wp-json\/wp\/v2\/types\/page"}],"author":[{"embeddable":true,"href":"http:\/\/www.rsc.org.tr\/indextr\/index.php\/wp-json\/wp\/v2\/users\/1"}],"replies":[{"embeddable":true,"href":"http:\/\/www.rsc.org.tr\/indextr\/index.php\/wp-json\/wp\/v2\/comments?post=1006"}],"version-history":[{"count":3,"href":"http:\/\/www.rsc.org.tr\/indextr\/index.php\/wp-json\/wp\/v2\/pages\/1006\/revisions"}],"predecessor-version":[{"id":1008,"href":"http:\/\/www.rsc.org.tr\/indextr\/index.php\/wp-json\/wp\/v2\/pages\/1006\/revisions\/1008"}],"wp:attachment":[{"href":"http:\/\/www.rsc.org.tr\/indextr\/index.php\/wp-json\/wp\/v2\/media?parent=1006"}],"curies":[{"name":"wp","href":"https:\/\/api.w.org\/{rel}","templated":true}]}}