{"id":1002,"date":"2015-06-03T10:55:14","date_gmt":"2015-06-03T07:55:14","guid":{"rendered":"http:\/\/www.rsc.org.tr\/indextr\/?page_id=1002"},"modified":"2015-06-03T10:55:14","modified_gmt":"2015-06-03T07:55:14","slug":"hisbim-bilgi-ve-iletisim-teknolojileri-a-s","status":"publish","type":"page","link":"http:\/\/www.rsc.org.tr\/indextr\/index.php\/hisbim-bilgi-ve-iletisim-teknolojileri-a-s\/","title":{"rendered":"H\u0130SB\u0130M B\u0130LG\u0130 VE \u0130LET\u0130\u015e\u0130M TEKNOLOJ\u0130LER\u0130 A.\u015e."},"content":{"rendered":"<p><a href=\"http:\/\/www.rsc.org.tr\/indextr\/wp-content\/uploads\/Hisbim-1x4.gif\"><img loading=\"lazy\" decoding=\"async\" class=\"aligncenter size-full wp-image-1004\" src=\"http:\/\/www.rsc.org.tr\/indextr\/wp-content\/uploads\/Hisbim-1x4.gif\" alt=\"Hisbim 1x4\" width=\"384\" height=\"96\" \/><\/a><\/p>\n<p>&nbsp;<\/p>\n<p>H\u0130SB\u0130M A.\u015e. 2003 y\u0131l\u0131nda kurulmu\u015f Hisarlar Grup&#8217;a ba\u011fl\u0131 bir Grup \u015eirketidir. Farkl\u0131 sekt\u00f6r ve b\u00fcy\u00fckl\u00fckteki firmalara, i\u015f s\u00fcre\u00e7lerini organize eden yaz\u0131l\u0131mlar geli\u015ftirmektedir.\u00a02005 y\u0131l\u0131ndan beri Anadolu Teknoloji Ara\u015ft\u0131rma Park\u0131nda (ATAP) faaliyet g\u00f6stermektedir. Bu yerle\u015fkede ar-ge faaliyetleri y\u00fcr\u00fctmekteyiz. Hem kendi firmam\u0131zda \u00f6zg\u00fcn projeler ger\u00e7ekle\u015ftiriyoruz, hem ba\u015fka firmalar\u0131n ARGE projelerinde uzmanl\u0131klar\u0131m\u0131z \u00f6l\u00e7\u00fcs\u00fcnde\u00a0 g\u00f6rev al\u0131yoruz hem de baz\u0131 projeler i\u00e7in dan\u0131\u015fmanl\u0131k hizmeti veriyoruz. Bu projeleri ger\u00e7ekle\u015ftirirken TTGV, T\u00dcB\u0130TAK ve AB \u00e7er\u00e7eve programlar\u0131 desteklerinden faydalanmaktay\u0131z.<\/p>\n<p>Bunlar\u0131n yan\u0131nda yurt i\u00e7inde ve d\u0131\u015f\u0131nda iyi bir i\u015fbirli\u011fi a\u011f\u0131m\u0131z mevcuttur. Yurt d\u0131\u015f\u0131nda ara\u015ft\u0131rma kurumlar\u0131 ve \u00fcniversiteler ile s\u00fcrekli ileti\u015fim halinde olup, yeni teknolojiler ara\u015ft\u0131rma a\u011flar\u0131 ve alt yap\u0131lar\u0131 s\u00fcrekli taranmaktad\u0131r. Bu a\u011f sayesinde uluslar aras\u0131 proje trendleri nereye gidiyor, 2020 y\u0131l\u0131nda (Horizon 2020) digital hedefleri sorgulanmakta ve \u015firket vizyonu buna g\u00f6re g\u00fcncellenmektedir. Yurt i\u00e7inde de Anadolu ve Osmangazi \u00dcniversitesi ile s\u0131k\u0131 ili\u015fkilerimiz devam etmektedir. Projelerdeki uzmanl\u0131\u011f\u0131m\u0131z olmayan konularda \u00dcniversitelerimizin ilgili b\u00f6l\u00fcmlerinden destek al\u0131nmaktad\u0131r. TOB-ETU \u00dcniversitesi ile imzalanan ortak e\u011fitim program\u0131ndan da yetenekli \u00f6\u011frencilere uzun d\u00f6nemli staj imkan\u0131 tan\u0131n\u0131p yetenekli \u00f6\u011frenciler istihdam edilmektedir.<\/p>\n<p style=\"color: #666666;\">Bilgi i\u00e7in :<a href=\"http:\/\/www.hisbim.com\/Default.aspx\">\u00a0http:\/\/www.hisbim.com\/Default.aspx<\/a><\/p>\n<p style=\"color: #666666;\">\n","protected":false},"excerpt":{"rendered":"<p>&nbsp; H\u0130SB\u0130M A.\u015e. 2003 y\u0131l\u0131nda kurulmu\u015f Hisarlar Grup&#8217;a ba\u011fl\u0131 bir Grup \u015eirketidir. Farkl\u0131 sekt\u00f6r ve b\u00fcy\u00fckl\u00fckteki firmalara, i\u015f s\u00fcre\u00e7lerini organize eden yaz\u0131l\u0131mlar geli\u015ftirmektedir.\u00a02005 y\u0131l\u0131ndan beri Anadolu Teknoloji Ara\u015ft\u0131rma Park\u0131nda (ATAP) faaliyet g\u00f6stermektedir. Bu yerle\u015fkede ar-ge faaliyetleri y\u00fcr\u00fctmekteyiz. Hem kendi firmam\u0131zda \u00f6zg\u00fcn projeler ger\u00e7ekle\u015ftiriyoruz, hem ba\u015fka firmalar\u0131n ARGE projelerinde uzmanl\u0131klar\u0131m\u0131z \u00f6l\u00e7\u00fcs\u00fcnde\u00a0 g\u00f6rev al\u0131yoruz hem de baz\u0131 [&hellip;]<\/p>\n","protected":false},"author":1,"featured_media":0,"parent":0,"menu_order":0,"comment_status":"closed","ping_status":"closed","template":"","meta":{"footnotes":""},"class_list":["post-1002","page","type-page","status-publish","hentry"],"_links":{"self":[{"href":"http:\/\/www.rsc.org.tr\/indextr\/index.php\/wp-json\/wp\/v2\/pages\/1002","targetHints":{"allow":["GET"]}}],"collection":[{"href":"http:\/\/www.rsc.org.tr\/indextr\/index.php\/wp-json\/wp\/v2\/pages"}],"about":[{"href":"http:\/\/www.rsc.org.tr\/indextr\/index.php\/wp-json\/wp\/v2\/types\/page"}],"author":[{"embeddable":true,"href":"http:\/\/www.rsc.org.tr\/indextr\/index.php\/wp-json\/wp\/v2\/users\/1"}],"replies":[{"embeddable":true,"href":"http:\/\/www.rsc.org.tr\/indextr\/index.php\/wp-json\/wp\/v2\/comments?post=1002"}],"version-history":[{"count":3,"href":"http:\/\/www.rsc.org.tr\/indextr\/index.php\/wp-json\/wp\/v2\/pages\/1002\/revisions"}],"predecessor-version":[{"id":1037,"href":"http:\/\/www.rsc.org.tr\/indextr\/index.php\/wp-json\/wp\/v2\/pages\/1002\/revisions\/1037"}],"wp:attachment":[{"href":"http:\/\/www.rsc.org.tr\/indextr\/index.php\/wp-json\/wp\/v2\/media?parent=1002"}],"curies":[{"name":"wp","href":"https:\/\/api.w.org\/{rel}","templated":true}]}}